{"id":3,"date":"2021-10-29T08:27:32","date_gmt":"2021-10-29T08:27:32","guid":{"rendered":"https:\/\/elle-naturelle.be\/?page_id=3"},"modified":"2025-04-17T01:47:01","modified_gmt":"2025-04-16T23:47:01","slug":"privacybeleid","status":"publish","type":"page","link":"https:\/\/elle-naturelle.be\/fr\/privacybeleid\/","title":{"rendered":"Politique de confidentialit\u00e9"},"content":{"rendered":"<div data-elementor-type=\"wp-page\" data-elementor-id=\"3\" class=\"elementor elementor-3\" data-elementor-post-type=\"page\">\n\t\t\t\t<div class=\"elementor-element elementor-element-1b39ecbb e-flex e-con-boxed e-con e-parent\" data-id=\"1b39ecbb\" data-element_type=\"container\" data-e-type=\"container\">\n\t\t\t\t\t<div class=\"e-con-inner\">\n\t\t\t\t<div class=\"elementor-element elementor-element-55f94418 elementor-widget elementor-widget-text-editor\" data-id=\"55f94418\" data-element_type=\"widget\" data-e-type=\"widget\" data-widget_type=\"text-editor.default\">\n\t\t\t\t<div class=\"elementor-widget-container\">\n\t\t\t\t\t\t\t\t\t<h1><strong>Politique de confidentialit\u00e9 pour ElleNaturelle<\/strong><\/h1>\n<p><em>Derni\u00e8re mise \u00e0 jour : 4 f\u00e9vrier 2025<\/em><\/p>\n<p>Au\u00a0<strong>ElleNaturelle<\/strong>accessible via\u00a0<strong><a href=\"https:\/\/elle-naturelle.be\/fr\/\" target=\"_blank\" rel=\"noopener noreferrer\">https:\/\/elle-naturelle.be<\/a><\/strong>L'une de nos principales priorit\u00e9s est la protection de la vie priv\u00e9e de nos visiteurs. Ce document sur la politique de confidentialit\u00e9 d\u00e9crit les types d'informations collect\u00e9es et enregistr\u00e9es par ElleNaturelle et la mani\u00e8re dont nous les utilisons.<\/p>\n<p>Si vous avez des questions suppl\u00e9mentaires ou si vous souhaitez obtenir plus d'informations sur notre politique de protection de la vie priv\u00e9e, n'h\u00e9sitez pas \u00e0 nous contacter par courrier \u00e9lectronique \u00e0 l'adresse suivante\u00a0<strong><a href=\"https:\/\/mailto:hello@donnykingmedia.be\/\" target=\"_blank\" rel=\"noopener noreferrer\">hello@donnykingmedia.be<\/a><\/strong>.<\/p>\n<h4><strong>Fichiers journaux<\/strong><\/h4>\n<p>ElleNaturelle suit une proc\u00e9dure standard d'utilisation de fichiers journaux. Ces fichiers enregistrent les visiteurs lorsqu'ils visitent les sites web. Toutes les soci\u00e9t\u00e9s d'h\u00e9bergement le font dans le cadre de l'analyse des services d'h\u00e9bergement. Les informations collect\u00e9es par les fichiers journaux comprennent les adresses IP (Internet Protocol), le type de navigateur, le fournisseur d'acc\u00e8s \u00e0 Internet (FAI), la date et l'heure, les pages de renvoi et de sortie, et \u00e9ventuellement le nombre de clics. Ces donn\u00e9es ne sont pas li\u00e9es \u00e0 des informations personnellement identifiables. L'objectif de ces informations est d'analyser les tendances, d'administrer le site, de suivre les mouvements des utilisateurs sur le site et de recueillir des informations d\u00e9mographiques.<\/p>\n<h4><strong>Cookies et balises web<\/strong><\/h4>\n<p>Comme tout autre site web,\u00a0<strong>ElleNaturelle<\/strong>\u00a0utilise\u00a0<strong>biscuits<\/strong>. Ces cookies stockent des informations, y compris les pr\u00e9f\u00e9rences des visiteurs et les pages du site web auxquelles le visiteur a acc\u00e9d\u00e9 ou qu'il a visit\u00e9es. Ces donn\u00e9es sont utilis\u00e9es pour optimiser l'exp\u00e9rience de l'utilisateur en adaptant le contenu de nos pages web en fonction du type de navigateur des visiteurs et\/ou d'autres informations.<\/p>\n<h4><strong>Nos partenaires publicitaires<\/strong><\/h4>\n<p>Certains annonceurs pr\u00e9sents sur notre site peuvent utiliser des cookies et des balises web. Vous trouverez ci-dessous une liste de nos partenaires publicitaires. Chacun de nos partenaires publicitaires a sa propre politique de confidentialit\u00e9 concernant les donn\u00e9es des utilisateurs. Pour faciliter l'acc\u00e8s \u00e0 ces politiques, nous avons cr\u00e9\u00e9 des liens hypertextes vers les politiques de confidentialit\u00e9 ci-dessous.<\/p>\n<p><strong>Google<\/strong><br \/><a href=\"https:\/\/policies.google.com\/technologies\/ads\" target=\"_blank\" rel=\"noopener noreferrer\">https:\/\/policies.google.com\/technologies\/ads<\/a><\/p>\n<p>Vous pouvez consulter cette liste pour trouver la politique de confidentialit\u00e9 de chacun des partenaires publicitaires de ElleNaturelle.<\/p>\n<p>Les serveurs publicitaires tiers ou les r\u00e9seaux publicitaires utilisent des technologies telles que les cookies, le JavaScript ou les pixels invisibles dans leurs publicit\u00e9s et liens respectifs qui apparaissent sur le site Web de la Commission.\u00a0<strong>ElleNaturelle<\/strong>qui sont envoy\u00e9s directement aux navigateurs des utilisateurs. Ils re\u00e7oivent automatiquement votre adresse IP lorsque cela se produit. Ces technologies sont utilis\u00e9es pour mesurer l'efficacit\u00e9 de leurs campagnes publicitaires et\/ou pour personnaliser le contenu publicitaire que vous voyez sur les sites web que vous visitez.<\/p>\n<p><strong>Remarque :<\/strong>\u00a0ElleNaturelle n'a aucun acc\u00e8s ou contr\u00f4le sur les cookies utilis\u00e9s par les annonceurs tiers.<\/p>\n<h4><strong>Politiques de confidentialit\u00e9 des tiers<\/strong><\/h4>\n<p>La politique de confidentialit\u00e9 d'ElleNaturelle ne s'applique pas aux autres annonceurs ou sites web. Par cons\u00e9quent, nous vous conseillons de consulter les politiques de confidentialit\u00e9 respectives de ces serveurs publicitaires tiers pour obtenir des informations plus d\u00e9taill\u00e9es. Cela peut inclure leurs pratiques et des instructions sur la fa\u00e7on de refuser certaines options.<\/p>\n<p>Vous pouvez choisir de d\u00e9sactiver les cookies par le biais des options de votre navigateur. Pour des informations plus d\u00e9taill\u00e9es sur la gestion des cookies avec des navigateurs web sp\u00e9cifiques, veuillez vous r\u00e9f\u00e9rer aux sites web respectifs des navigateurs.<\/p>\n<h4><strong>Informations pour les enfants<\/strong><\/h4>\n<p>Une autre de nos priorit\u00e9s est de prot\u00e9ger les enfants lorsqu'ils utilisent l'internet. Nous encourageons les parents et les tuteurs \u00e0 observer, \u00e0 participer, \u00e0 surveiller et\/ou \u00e0 guider leur activit\u00e9 en ligne.<\/p>\n<p><strong>ElleNaturelle ne recueille pas sciemment d'informations personnelles identifiables aupr\u00e8s d'enfants de moins de 13 ans.<\/strong>\u00a0Si vous pensez que votre enfant a fourni de telles informations sur notre site web, nous vous encourageons vivement \u00e0 nous contacter imm\u00e9diatement, et nous ferons de notre mieux pour supprimer rapidement ces informations de nos dossiers.<\/p>\n<h4><strong>Consentement<\/strong><\/h4>\n<p>En utilisant notre site web, vous consentez par la pr\u00e9sente \u00e0 notre politique de confidentialit\u00e9 et acceptez ses conditions g\u00e9n\u00e9rales.<\/p>\t\t\t\t\t\t\t\t<\/div>\n\t\t\t\t<\/div>\n\t\t\t\t\t<\/div>\n\t\t\t\t<\/div>\n\t\t\t\t<\/div>","protected":false},"excerpt":{"rendered":"<p>Politique de confidentialit\u00e9 pour ElleNaturelle Derni\u00e8re mise \u00e0 jour : 4 f\u00e9vrier 2025 Chez ElleNaturelle, accessible via https:\/\/elle-naturelle.be, l'une de nos priorit\u00e9s est la protection de la vie priv\u00e9e [...]<\/p>","protected":false},"author":1,"featured_media":0,"parent":0,"menu_order":0,"comment_status":"closed","ping_status":"open","template":"","meta":{"site-sidebar-layout":"default","site-content-layout":"","ast-site-content-layout":"default","site-content-style":"default","site-sidebar-style":"default","ast-global-header-display":"","ast-banner-title-visibility":"","ast-main-header-display":"","ast-hfb-above-header-display":"","ast-hfb-below-header-display":"","ast-hfb-mobile-header-display":"","site-post-title":"","ast-breadcrumbs-content":"","ast-featured-img":"","footer-sml-layout":"","ast-disable-related-posts":"","theme-transparent-header-meta":"","adv-header-id-meta":"","stick-header-meta":"","header-above-stick-meta":"","header-main-stick-meta":"","header-below-stick-meta":"","astra-migrate-meta-layouts":"default","ast-page-background-enabled":"default","ast-page-background-meta":{"desktop":{"background-color":"var(--ast-global-color-5)","background-image":"","background-repeat":"repeat","background-position":"center center","background-size":"auto","background-attachment":"scroll","background-type":"","background-media":"","overlay-type":"","overlay-color":"","overlay-opacity":"","overlay-gradient":""},"tablet":{"background-color":"","background-image":"","background-repeat":"repeat","background-position":"center center","background-size":"auto","background-attachment":"scroll","background-type":"","background-media":"","overlay-type":"","overlay-color":"","overlay-opacity":"","overlay-gradient":""},"mobile":{"background-color":"","background-image":"","background-repeat":"repeat","background-position":"center center","background-size":"auto","background-attachment":"scroll","background-type":"","background-media":"","overlay-type":"","overlay-color":"","overlay-opacity":"","overlay-gradient":""}},"ast-content-background-meta":{"desktop":{"background-color":"var(--ast-global-color-4)","background-image":"","background-repeat":"repeat","background-position":"center center","background-size":"auto","background-attachment":"scroll","background-type":"","background-media":"","overlay-type":"","overlay-color":"","overlay-opacity":"","overlay-gradient":""},"tablet":{"background-color":"var(--ast-global-color-4)","background-image":"","background-repeat":"repeat","background-position":"center center","background-size":"auto","background-attachment":"scroll","background-type":"","background-media":"","overlay-type":"","overlay-color":"","overlay-opacity":"","overlay-gradient":""},"mobile":{"background-color":"var(--ast-global-color-4)","background-image":"","background-repeat":"repeat","background-position":"center center","background-size":"auto","background-attachment":"scroll","background-type":"","background-media":"","overlay-type":"","overlay-color":"","overlay-opacity":"","overlay-gradient":""}},"footnotes":""},"class_list":["post-3","page","type-page","status-publish","hentry"],"_links":{"self":[{"href":"https:\/\/elle-naturelle.be\/fr\/wp-json\/wp\/v2\/pages\/3","targetHints":{"allow":["GET"]}}],"collection":[{"href":"https:\/\/elle-naturelle.be\/fr\/wp-json\/wp\/v2\/pages"}],"about":[{"href":"https:\/\/elle-naturelle.be\/fr\/wp-json\/wp\/v2\/types\/page"}],"author":[{"embeddable":true,"href":"https:\/\/elle-naturelle.be\/fr\/wp-json\/wp\/v2\/users\/1"}],"replies":[{"embeddable":true,"href":"https:\/\/elle-naturelle.be\/fr\/wp-json\/wp\/v2\/comments?post=3"}],"version-history":[{"count":0,"href":"https:\/\/elle-naturelle.be\/fr\/wp-json\/wp\/v2\/pages\/3\/revisions"}],"wp:attachment":[{"href":"https:\/\/elle-naturelle.be\/fr\/wp-json\/wp\/v2\/media?parent=3"}],"curies":[{"name":"wp","href":"https:\/\/api.w.org\/{rel}","templated":true}]}}