{"id":2800,"date":"2023-11-25T12:18:20","date_gmt":"2023-11-25T12:18:20","guid":{"rendered":"https:\/\/elle-naturelle.be\/?page_id=2800"},"modified":"2023-11-25T12:24:25","modified_gmt":"2023-11-25T12:24:25","slug":"maak-kans-op-1-jaar-gratis-inkom","status":"publish","type":"page","link":"https:\/\/elle-naturelle.be\/fr\/maak-kans-op-1-jaar-gratis-inkom\/","title":{"rendered":"Faites des \u00e9conomies sur 1 an gr\u00e2ce \u00e0 l'encre !"},"content":{"rendered":"<p><b>Suis-je le grand gagnant de nos tombolas spectaculaires ?<\/b><\/p>\n<p>Il s'agit de beaucoup plus que de difficult\u00e9s, le dernier mois de l'ann\u00e9e est r\u00e9volu et cette ann\u00e9e-l\u00e0, nous avons beaucoup de mal avec Julie.<\/p>\n<p>Un grand plaisir et une grande chaleur avec les ladingen sous la devise \"blij dat ik glij\" !<span class=\"Apple-converted-space\">\u00a0<\/span><\/p>\n<p>Afin de remercier Julie pour les nombreux enfants en difficult\u00e9 qui, gr\u00e2ce \u00e0 elle, seront en 2023, nous organisons 3 tombolas avec, \u00e0 chaque fois, un cadeau d'un prix...<\/p>\n<p>Nous avons plus de 3 ans d'anciennet\u00e9 sur 12 ans.<\/p>\n<p>Les droits d'auteur :<\/p>\n<p>Sur la base de ces donn\u00e9es et de ces lieux, une p\u00e9riode d'un an est pr\u00e9vue pour les enfants les plus \u00e2g\u00e9s, qui doivent \u00eatre disponibles \u00e0 14h30 :<\/p>\n<p>7\/12 \u00e0 Fetish club 78 te Oostham<\/p>\n<p>17\/12 \u00e0 Club Cupido te Ruddervoorde <span class=\"Apple-converted-space\">\u00a0<\/span><\/p>\n<p>31\/12 dans la rue Koleblomme \u00e0 De Pinte<\/p>\n<p>Cette ann\u00e9e, 12 billets d'entr\u00e9e seront d\u00e9livr\u00e9s du 1er janvier 2024 au 31 d\u00e9cembre 2024, dans un lieu situ\u00e9 \u00e0 proximit\u00e9 de la ville. Les billets sont nominatifs, ne sont pas remboursables ou ne sont pas assortis d'un droit de douane.<span class=\"Apple-converted-space\">\u00a0<\/span><\/p>\n<p>Les billets sont envoy\u00e9s directement dans votre bo\u00eete de r\u00e9ception.<span class=\"Apple-converted-space\">\u00a0<\/span><\/p>\n<p>Faites attention \u00e0 ce que vos cheveux ne soient pas trop durs, car si vous vous tenez \u00e0 l'\u00e9cart du vent, vous pourrez les utiliser \u00e0 bon escient !<\/p>\n<p>Grandes tailles,<\/p>\n<p>L'\u00e9quipe Elle<\/p>","protected":false},"excerpt":{"rendered":"<p>Word jij de geil-lukkige winnaar van onze spectaculaire tombola\u2019s? Het is weer zover lekkertjes, de laatste maand van het jaar [&hellip;]<\/p>","protected":false},"author":1,"featured_media":0,"parent":0,"menu_order":0,"comment_status":"closed","ping_status":"closed","template":"","meta":{"site-sidebar-layout":"default","site-content-layout":"","ast-site-content-layout":"default","site-content-style":"default","site-sidebar-style":"default","ast-global-header-display":"","ast-banner-title-visibility":"","ast-main-header-display":"","ast-hfb-above-header-display":"","ast-hfb-below-header-display":"","ast-hfb-mobile-header-display":"","site-post-title":"","ast-breadcrumbs-content":"","ast-featured-img":"","footer-sml-layout":"","ast-disable-related-posts":"","theme-transparent-header-meta":"","adv-header-id-meta":"","stick-header-meta":"","header-above-stick-meta":"","header-main-stick-meta":"","header-below-stick-meta":"","astra-migrate-meta-layouts":"default","ast-page-background-enabled":"default","ast-page-background-meta":{"desktop":{"background-color":"var(--ast-global-color-5)","background-image":"","background-repeat":"repeat","background-position":"center center","background-size":"auto","background-attachment":"scroll","background-type":"","background-media":"","overlay-type":"","overlay-color":"","overlay-opacity":"","overlay-gradient":""},"tablet":{"background-color":"","background-image":"","background-repeat":"repeat","background-position":"center center","background-size":"auto","background-attachment":"scroll","background-type":"","background-media":"","overlay-type":"","overlay-color":"","overlay-opacity":"","overlay-gradient":""},"mobile":{"background-color":"","background-image":"","background-repeat":"repeat","background-position":"center center","background-size":"auto","background-attachment":"scroll","background-type":"","background-media":"","overlay-type":"","overlay-color":"","overlay-opacity":"","overlay-gradient":""}},"ast-content-background-meta":{"desktop":{"background-color":"var(--ast-global-color-4)","background-image":"","background-repeat":"repeat","background-position":"center center","background-size":"auto","background-attachment":"scroll","background-type":"","background-media":"","overlay-type":"","overlay-color":"","overlay-opacity":"","overlay-gradient":""},"tablet":{"background-color":"var(--ast-global-color-4)","background-image":"","background-repeat":"repeat","background-position":"center center","background-size":"auto","background-attachment":"scroll","background-type":"","background-media":"","overlay-type":"","overlay-color":"","overlay-opacity":"","overlay-gradient":""},"mobile":{"background-color":"var(--ast-global-color-4)","background-image":"","background-repeat":"repeat","background-position":"center center","background-size":"auto","background-attachment":"scroll","background-type":"","background-media":"","overlay-type":"","overlay-color":"","overlay-opacity":"","overlay-gradient":""}},"footnotes":""},"class_list":["post-2800","page","type-page","status-publish","hentry"],"_links":{"self":[{"href":"https:\/\/elle-naturelle.be\/fr\/wp-json\/wp\/v2\/pages\/2800","targetHints":{"allow":["GET"]}}],"collection":[{"href":"https:\/\/elle-naturelle.be\/fr\/wp-json\/wp\/v2\/pages"}],"about":[{"href":"https:\/\/elle-naturelle.be\/fr\/wp-json\/wp\/v2\/types\/page"}],"author":[{"embeddable":true,"href":"https:\/\/elle-naturelle.be\/fr\/wp-json\/wp\/v2\/users\/1"}],"replies":[{"embeddable":true,"href":"https:\/\/elle-naturelle.be\/fr\/wp-json\/wp\/v2\/comments?post=2800"}],"version-history":[{"count":0,"href":"https:\/\/elle-naturelle.be\/fr\/wp-json\/wp\/v2\/pages\/2800\/revisions"}],"wp:attachment":[{"href":"https:\/\/elle-naturelle.be\/fr\/wp-json\/wp\/v2\/media?parent=2800"}],"curies":[{"name":"wp","href":"https:\/\/api.w.org\/{rel}","templated":true}]}}