{"id":1694,"date":"2022-11-17T13:18:50","date_gmt":"2022-11-17T13:18:50","guid":{"rendered":"https:\/\/elle-naturelle.be\/?page_id=1694"},"modified":"2022-11-17T13:18:50","modified_gmt":"2022-11-17T13:18:50","slug":"three-steps-to-writing-a-term-paper","status":"publish","type":"page","link":"https:\/\/elle-naturelle.be\/fr\/three-steps-to-writing-a-term-paper\/","title":{"rendered":"Trois \u00e9tapes pour r\u00e9diger un m\u00e9moire"},"content":{"rendered":"<\/p>\n<p>Un m\u00e9moire est g\u00e9n\u00e9ralement un long travail d'\u00e9tude r\u00e9dig\u00e9 par des \u00e9tudiants dans le cadre d'un semestre universitaire particulier, qui repr\u00e9sente souvent environ un quart de la note totale. Le Merriam Webster le d\u00e9finit simplement comme \"un travail \u00e9crit bref et unique sur un certain sujet\" qui peut \u00e9ventuellement \u00eatre exig\u00e9 pour l'obtention d'un dipl\u00f4me. Il s'agit g\u00e9n\u00e9ralement d'une mission r\u00e9alis\u00e9e en<!--more--> Le travail de fin d'\u00e9tudes se fait au printemps de chaque ann\u00e9e et doit \u00eatre remis \u00e0 l'enseignant avant la fin du trimestre. Ce travail diff\u00e8re des autres devoirs \u00e0 bien des \u00e9gards, notamment parce qu'il doit \u00eatre r\u00e9dig\u00e9 dans un style organis\u00e9, concis et pr\u00e9cis.<\/p>\n<\/p>\n<p>La premi\u00e8re \u00e9tape de la r\u00e9daction d'un m\u00e9moire, comme de tout travail de recherche, est l'analyse documentaire. Une revue de la litt\u00e9rature est simplement une revue du sujet trait\u00e9, en particulier <a href=\"https:\/\/corretor-ortografico.com\/\">corretor ortografico<\/a> s'il s'agit d'un long m\u00e9moire couvrant un large \u00e9ventail de sujets. Cette analyse documentaire se trouve le plus souvent dans la section Introduction, au tout d\u00e9but du travail de fin d'\u00e9tudes. L'analyse documentaire est extr\u00eamement importante car elle jette les bases du m\u00e9moire et de tout autre document de recherche ult\u00e9rieur, en donnant \u00e0 l'auteur l'occasion de renforcer toute th\u00e9orie pr\u00e9c\u00e9demment \u00e9tablie.<\/p>\n<\/p>\n<p>L'\u00e9tape suivante de la r\u00e9daction d'un m\u00e9moire consiste \u00e0 r\u00e9diger l'\u00e9nonc\u00e9 de la th\u00e8se principale ou la th\u00e8se centrale. L'\u00e9nonc\u00e9 de la th\u00e8se est la partie la plus importante du document, car c'est ce qui constitue le centre de l'ensemble du document. Tous les m\u00e9moires sont fond\u00e9s sur l'\u00e9nonc\u00e9 de la th\u00e8se principale. Par cons\u00e9quent, un excellent r\u00e9dacteur commence toujours son document par un bon \u00e9nonc\u00e9 de th\u00e8se.<\/p>\n<\/p>\n<p>Une autre t\u00e2che importante de la r\u00e9daction d'un m\u00e9moire est la signalisation ou la recherche d'informations et\/ou de statistiques. La grande majorit\u00e9 des dissertations ne sont pas r\u00e9dig\u00e9es du point de vue du r\u00e9dacteur, mais plut\u00f4t du point de vue de l'auteur. <a href=\"https:\/\/corretor-de-texto.com\/\">corretor de texto online<\/a> du comit\u00e9 charg\u00e9 d'examiner le document d'\u00e9tude. Le fait d'\u00e9crire d'un point de vue impartial, qu'il s'agisse du point de vue du r\u00e9dacteur ou de celui de l'\u00e9valuateur, est essentiel pour l'approbation et la titularisation de ce document de recherche. Il est \u00e9galement essentiel que le r\u00e9dacteur s'assure que les statistiques et les donn\u00e9es qu'il utilise sont correctes et fiables. Souvent, un document de recherche sera compos\u00e9 principalement d'un point de vue objectif, mais l'utilisation de mauvaises donn\u00e9es ou statistiques peut faire para\u00eetre ce point de vue (le point de vue de l'auteur) comme mauvais. Pour \u00e9viter cela, il est essentiel que l'auteur rassemble d'abord des donn\u00e9es et des statistiques solides avant de les utiliser dans sa r\u00e9daction.<\/p>\n<\/p>\n<p>La troisi\u00e8me t\u00e2che de la r\u00e9daction du m\u00e9moire consiste \u00e0 pr\u00e9senter correctement le sujet ou le th\u00e8me du m\u00e9moire et \u00e0 pr\u00e9senter correctement toutes les recherches et les donn\u00e9es qui ont \u00e9t\u00e9 recueillies et prises en compte dans le m\u00e9moire. Comme indiqu\u00e9 plus haut, une excellente fa\u00e7on de commencer l'introduction du travail de fin d'\u00e9tudes est de r\u00e9diger simplement l'introduction. C'est l\u00e0 que de nombreux m\u00e9moires perdent de leur efficacit\u00e9 parce qu'ils ont tendance \u00e0 \"coller\" la majorit\u00e9 des informations en une seule phrase. L'introduction est l'occasion pour le r\u00e9dacteur de produire une bonne premi\u00e8re impression sur le comit\u00e9 charg\u00e9 d'examiner le document.<\/p>\n<\/p>\n<p>Enfin, la partie la plus importante de tout travail de fin d'\u00e9tudes \u00e0 inspecter est la page de titre et la table des mati\u00e8res. Ces deux sections sont tout aussi importantes l'une que l'autre, ce qui signifie que vous devez vous assurer qu'elles figurent toutes deux dans le document. La page de titre contient le r\u00e9sum\u00e9 ou le nom du journal, tandis que la table des mati\u00e8res donne un r\u00e9sum\u00e9 rapide de tout le contenu du document. Une fois que vous avez termin\u00e9 ces trois \u00e9tapes de base, vous \u00eates pr\u00eat \u00e0 rendre le travail de fin d'\u00e9tudes pour qu'il soit inspect\u00e9.<\/p>","protected":false},"excerpt":{"rendered":"<p>A term paper is generally a lengthy study paper written by college students regarding a particular academic term, often accounting [&hellip;]<\/p>","protected":false},"author":1,"featured_media":0,"parent":0,"menu_order":0,"comment_status":"closed","ping_status":"closed","template":"","meta":{"site-sidebar-layout":"default","site-content-layout":"","ast-site-content-layout":"default","site-content-style":"default","site-sidebar-style":"default","ast-global-header-display":"","ast-banner-title-visibility":"","ast-main-header-display":"","ast-hfb-above-header-display":"","ast-hfb-below-header-display":"","ast-hfb-mobile-header-display":"","site-post-title":"","ast-breadcrumbs-content":"","ast-featured-img":"","footer-sml-layout":"","ast-disable-related-posts":"","theme-transparent-header-meta":"","adv-header-id-meta":"","stick-header-meta":"","header-above-stick-meta":"","header-main-stick-meta":"","header-below-stick-meta":"","astra-migrate-meta-layouts":"default","ast-page-background-enabled":"default","ast-page-background-meta":{"desktop":{"background-color":"var(--ast-global-color-5)","background-image":"","background-repeat":"repeat","background-position":"center center","background-size":"auto","background-attachment":"scroll","background-type":"","background-media":"","overlay-type":"","overlay-color":"","overlay-opacity":"","overlay-gradient":""},"tablet":{"background-color":"","background-image":"","background-repeat":"repeat","background-position":"center center","background-size":"auto","background-attachment":"scroll","background-type":"","background-media":"","overlay-type":"","overlay-color":"","overlay-opacity":"","overlay-gradient":""},"mobile":{"background-color":"","background-image":"","background-repeat":"repeat","background-position":"center center","background-size":"auto","background-attachment":"scroll","background-type":"","background-media":"","overlay-type":"","overlay-color":"","overlay-opacity":"","overlay-gradient":""}},"ast-content-background-meta":{"desktop":{"background-color":"var(--ast-global-color-4)","background-image":"","background-repeat":"repeat","background-position":"center center","background-size":"auto","background-attachment":"scroll","background-type":"","background-media":"","overlay-type":"","overlay-color":"","overlay-opacity":"","overlay-gradient":""},"tablet":{"background-color":"var(--ast-global-color-4)","background-image":"","background-repeat":"repeat","background-position":"center center","background-size":"auto","background-attachment":"scroll","background-type":"","background-media":"","overlay-type":"","overlay-color":"","overlay-opacity":"","overlay-gradient":""},"mobile":{"background-color":"var(--ast-global-color-4)","background-image":"","background-repeat":"repeat","background-position":"center center","background-size":"auto","background-attachment":"scroll","background-type":"","background-media":"","overlay-type":"","overlay-color":"","overlay-opacity":"","overlay-gradient":""}},"footnotes":""},"class_list":["post-1694","page","type-page","status-publish","hentry"],"_links":{"self":[{"href":"https:\/\/elle-naturelle.be\/fr\/wp-json\/wp\/v2\/pages\/1694","targetHints":{"allow":["GET"]}}],"collection":[{"href":"https:\/\/elle-naturelle.be\/fr\/wp-json\/wp\/v2\/pages"}],"about":[{"href":"https:\/\/elle-naturelle.be\/fr\/wp-json\/wp\/v2\/types\/page"}],"author":[{"embeddable":true,"href":"https:\/\/elle-naturelle.be\/fr\/wp-json\/wp\/v2\/users\/1"}],"replies":[{"embeddable":true,"href":"https:\/\/elle-naturelle.be\/fr\/wp-json\/wp\/v2\/comments?post=1694"}],"version-history":[{"count":0,"href":"https:\/\/elle-naturelle.be\/fr\/wp-json\/wp\/v2\/pages\/1694\/revisions"}],"wp:attachment":[{"href":"https:\/\/elle-naturelle.be\/fr\/wp-json\/wp\/v2\/media?parent=1694"}],"curies":[{"name":"wp","href":"https:\/\/api.w.org\/{rel}","templated":true}]}}