{"id":1625,"date":"2022-10-30T00:20:58","date_gmt":"2022-10-30T00:20:58","guid":{"rendered":"https:\/\/elle-naturelle.be\/?page_id=1625"},"modified":"2022-10-30T00:20:58","modified_gmt":"2022-10-30T00:20:58","slug":"when-does-it-make-sense-to-use-an-online-college-paper-writing-service","status":"publish","type":"page","link":"https:\/\/elle-naturelle.be\/fr\/when-does-it-make-sense-to-use-an-online-college-paper-writing-service\/","title":{"rendered":"Quand est-il judicieux d'utiliser un service en ligne de r\u00e9daction de travaux universitaires ? <\/p>"},"content":{"rendered":"<p><p>Que vous ayez un devoir \u00e0 rendre ou un rapport juridique \u00e0 r\u00e9diger pour un client, un service de r\u00e9daction de travaux scolaires sur Internet est une excellente id\u00e9e. Les services Internet fonctionnent g\u00e9n\u00e9ralement plus <a href=\"https:\/\/corretor-de-texto.com\/\">corretor de texto<\/a> comme des auteurs par rapport \u00e0 un site web normal ou \u00e0 un fournisseur de contenu. Ils se concentrent toujours sur<!--more--> cr\u00e9er des documents de qualit\u00e9.<\/p>\n<\/p>\n<p>Beaucoup de ces solutions sont gratuites le premier mois, puis facturent un montant fixe chaque mois. Ce co\u00fbt est g\u00e9n\u00e9ralement bien justifi\u00e9 en raison de la qualit\u00e9 du travail et du temps qu'il vous fait gagner.<\/p>\n<\/p>\n<p>L'une des premi\u00e8res choses que vous devez demander \u00e0 un service de r\u00e9daction de documents sur Internet est la mani\u00e8re dont il souhaite produire votre document. Il doit \u00eatre en mesure de r\u00e9pondre \u00e0 cette question en toute confiance, car il souhaite satisfaire ses clients en leur livrant exactement ce qu'ils ont demand\u00e9.<\/p>\n<\/p>\n<p>Comme un service de r\u00e9daction de documents universitaires sur Internet fonctionne \u00e0 partir d'auteurs, ceux-ci doivent \u00e9galement avoir la capacit\u00e9 de cr\u00e9er des articles d'une longueur ad\u00e9quate. Il peut s'agir de recherches ou de guides du consommateur, <a href=\"https:\/\/corretor-ortografico.com\/\">corretor ortografico online<\/a> le type de documents que vous pouvez attendre de votre cabinet d'avocats. Les r\u00e9dacteurs professionnels aiment vraiment travailler avec des clients qui peuvent r\u00e9pondre \u00e0 leurs besoins.<\/p>\n<\/p>\n<p>Un r\u00e9dacteur expert dans son domaine doit \u00e9galement savoir comment relire et orthographier correctement, et utiliser la ponctuation appropri\u00e9e. Cela est essentiel si vous avez engag\u00e9 quelqu'un pour r\u00e9diger une dissertation \u00e0 votre place. Vous devez vous assurer que votre document est livr\u00e9 \u00e0 temps pour la date limite.<\/p>\n<\/p>\n<p>Il existe plusieurs possibilit\u00e9s de faire appel \u00e0 un service de r\u00e9daction de travaux universitaires, mais vous pourriez trouver la solution id\u00e9ale gr\u00e2ce \u00e0 un service Internet qui vous met en contact avec quelques centaines de r\u00e9dacteurs en m\u00eame temps. De cette mani\u00e8re, vous pouvez comparer les co\u00fbts et les options d'approvisionnement des r\u00e9dacteurs s\u00e9lectionn\u00e9s, ce qui vous permet de faire facilement et rapidement le dernier choix.<\/p>\n<\/p>\n<p>Outre la comparaison des co\u00fbts, vous voudrez peut-\u00eatre v\u00e9rifier l'anciennet\u00e9 de l'entreprise. Si certains pensent que le bouche \u00e0 oreille est l'une des meilleures m\u00e9thodes de marketing disponibles, d'autres l'ont utilis\u00e9 pour commercialiser efficacement leurs produits et comprennent donc l'int\u00e9r\u00eat de g\u00e9rer directement les auteurs.<\/p>\n<\/p>\n<p>La plupart des gens sont heureux de d\u00e9penser de l'argent pour un dossier fantastique, mais lorsque vous pensez aux d\u00e9penses totales pour obtenir un contenu fantastique, vous devez vous assurer que vous recevez un travail de qualit\u00e9 fait correctement d\u00e8s la premi\u00e8re fois. En faisant appel \u00e0 un service de r\u00e9daction de travaux scolaires sur Internet, vous \u00e9viterez les erreurs co\u00fbteuses qui peuvent r\u00e9sulter de l'utilisation d'un r\u00e9dacteur gratuit, vous gagnerez du temps et de l'argent et vous vous assurerez des r\u00e9sultats de qualit\u00e9.<\/p>","protected":false},"excerpt":{"rendered":"<p>Whether you&#8217;ve got a school paper due or a legal report because of a customer, an internet school paper writing [&hellip;]<\/p>","protected":false},"author":1,"featured_media":0,"parent":0,"menu_order":0,"comment_status":"closed","ping_status":"closed","template":"","meta":{"site-sidebar-layout":"default","site-content-layout":"","ast-site-content-layout":"default","site-content-style":"default","site-sidebar-style":"default","ast-global-header-display":"","ast-banner-title-visibility":"","ast-main-header-display":"","ast-hfb-above-header-display":"","ast-hfb-below-header-display":"","ast-hfb-mobile-header-display":"","site-post-title":"","ast-breadcrumbs-content":"","ast-featured-img":"","footer-sml-layout":"","ast-disable-related-posts":"","theme-transparent-header-meta":"","adv-header-id-meta":"","stick-header-meta":"","header-above-stick-meta":"","header-main-stick-meta":"","header-below-stick-meta":"","astra-migrate-meta-layouts":"default","ast-page-background-enabled":"default","ast-page-background-meta":{"desktop":{"background-color":"var(--ast-global-color-5)","background-image":"","background-repeat":"repeat","background-position":"center center","background-size":"auto","background-attachment":"scroll","background-type":"","background-media":"","overlay-type":"","overlay-color":"","overlay-opacity":"","overlay-gradient":""},"tablet":{"background-color":"","background-image":"","background-repeat":"repeat","background-position":"center center","background-size":"auto","background-attachment":"scroll","background-type":"","background-media":"","overlay-type":"","overlay-color":"","overlay-opacity":"","overlay-gradient":""},"mobile":{"background-color":"","background-image":"","background-repeat":"repeat","background-position":"center center","background-size":"auto","background-attachment":"scroll","background-type":"","background-media":"","overlay-type":"","overlay-color":"","overlay-opacity":"","overlay-gradient":""}},"ast-content-background-meta":{"desktop":{"background-color":"var(--ast-global-color-4)","background-image":"","background-repeat":"repeat","background-position":"center center","background-size":"auto","background-attachment":"scroll","background-type":"","background-media":"","overlay-type":"","overlay-color":"","overlay-opacity":"","overlay-gradient":""},"tablet":{"background-color":"var(--ast-global-color-4)","background-image":"","background-repeat":"repeat","background-position":"center center","background-size":"auto","background-attachment":"scroll","background-type":"","background-media":"","overlay-type":"","overlay-color":"","overlay-opacity":"","overlay-gradient":""},"mobile":{"background-color":"var(--ast-global-color-4)","background-image":"","background-repeat":"repeat","background-position":"center center","background-size":"auto","background-attachment":"scroll","background-type":"","background-media":"","overlay-type":"","overlay-color":"","overlay-opacity":"","overlay-gradient":""}},"footnotes":""},"class_list":["post-1625","page","type-page","status-publish","hentry"],"_links":{"self":[{"href":"https:\/\/elle-naturelle.be\/fr\/wp-json\/wp\/v2\/pages\/1625","targetHints":{"allow":["GET"]}}],"collection":[{"href":"https:\/\/elle-naturelle.be\/fr\/wp-json\/wp\/v2\/pages"}],"about":[{"href":"https:\/\/elle-naturelle.be\/fr\/wp-json\/wp\/v2\/types\/page"}],"author":[{"embeddable":true,"href":"https:\/\/elle-naturelle.be\/fr\/wp-json\/wp\/v2\/users\/1"}],"replies":[{"embeddable":true,"href":"https:\/\/elle-naturelle.be\/fr\/wp-json\/wp\/v2\/comments?post=1625"}],"version-history":[{"count":0,"href":"https:\/\/elle-naturelle.be\/fr\/wp-json\/wp\/v2\/pages\/1625\/revisions"}],"wp:attachment":[{"href":"https:\/\/elle-naturelle.be\/fr\/wp-json\/wp\/v2\/media?parent=1625"}],"curies":[{"name":"wp","href":"https:\/\/api.w.org\/{rel}","templated":true}]}}