{"id":1619,"date":"2022-10-28T21:48:44","date_gmt":"2022-10-28T21:48:44","guid":{"rendered":"https:\/\/elle-naturelle.be\/?page_id=1619"},"modified":"2022-10-28T21:48:44","modified_gmt":"2022-10-28T21:48:44","slug":"why-students-shouldnt-be-afraid-to-write-my-essay-for-me","status":"publish","type":"page","link":"https:\/\/elle-naturelle.be\/fr\/why-students-shouldnt-be-afraid-to-write-my-essay-for-me\/","title":{"rendered":"Pourquoi les \u00e9tudiants ne devraient pas avoir peur d'\u00e9crire ma dissertation pour moi"},"content":{"rendered":"<\/p>\n<p>Combien d'entre vous ont \u00e9t\u00e9 invit\u00e9s par un \u00e9tablissement d'enseignement sup\u00e9rieur ou une \u00e9cole \u00e0 r\u00e9diger une dissertation \u00e0 ma place ? Si c'est le cas, il n'est pas rare que vous soyez un peu perdu et que vous ne sachiez pas quoi faire. Pour dire au <a href=\"https:\/\/grammarchecker.top\/spell-check\">meilleur correcteur orthographique de site web<\/a> En r\u00e9alit\u00e9, il n'est pas tr\u00e8s difficile \u00e0 r\u00e9diger et il n'est pas n\u00e9cessaire d'avoir des connaissances particuli\u00e8res sur le sujet.<!--more--> talents d'\u00e9criture. En fait, les personnes qui ne poss\u00e8dent pas de tels talents peuvent quand m\u00eame r\u00e9diger un superbe essai. Tout ce qu'ils doivent faire, c'est planifier, organiser et transformer leurs pens\u00e9es en forme \u00e9crite. La question de l'article ou du devoir peut \u00eatre r\u00e9solue de plusieurs fa\u00e7ons si l'auteur sait comment planifier les choses \u00e0 l'avance.<\/p>\n<\/p>\n<p>Commen\u00e7ons par la question fondamentale ou la difficult\u00e9 que vous pouvez rencontrer lorsqu'on vous demande d'\u00e9crire ma dissertation pour moi. L'une des difficult\u00e9s les plus courantes que les r\u00e9dacteurs rencontrent lorsqu'on leur demande de r\u00e9diger une dissertation est qu'ils doivent choisir un sujet sp\u00e9cifique parmi un large \u00e9ventail de sujets. La situation devient encore plus difficile si le r\u00e9dacteur ne dispose pas d'un d\u00e9lai strict pour terminer le projet et s'il doit r\u00e9pondre \u00e0 certaines exigences. Dans ce cas, la pratique habituelle consiste \u00e0 faire quelques recherches sur le sujet, \u00e0 rassembler toutes les informations n\u00e9cessaires et \u00e0 pr\u00e9parer un brouillon pour examen.<\/p>\n<\/p>\n<p>Examinons maintenant quelques situations dans lesquelles l'\u00e9tudiant pourrait \u00eatre invit\u00e9 \u00e0 r\u00e9diger une critique de l'article ou du service fourni par une entreprise. Par exemple, si le client \u00e9value la cha\u00eene alimentaire ou la compagnie a\u00e9rienne, l'\u00e9valuation portera g\u00e9n\u00e9ralement sur des aspects que la plupart des gens jugeraient positifs. Cependant, il peut arriver que l'\u00e9valuation se concentre sur les lacunes des services en question. Dans ce cas, le r\u00e9dacteur doit r\u00e9fl\u00e9chir attentivement aux cons\u00e9quences de son point de vue sur la question, puis pr\u00e9parer un essai d\u00e9taill\u00e9 qui se concentre sur tous les aspects positifs du fournisseur.<\/p>\n<\/p>\n<p>Dans certains cas, la personne qui r\u00e9dige les essais doit respecter des d\u00e9lais, ce qui n\u00e9cessite \u00e9galement des capacit\u00e9s d'organisation. Certains \u00e9l\u00e8ves ont l'habitude d'essayer de r\u00e9diger plus d'une dissertation pour leur propre travail. Une telle habitude peut entra\u00eener un surcro\u00eet de travail consid\u00e9rable et peut m\u00eame les amener \u00e0 \u00e9crire tr\u00e8s peu, voire pas du tout. Il est donc pr\u00e9f\u00e9rable de fixer des d\u00e9lais raisonnables pour chaque r\u00e9daction <a href=\"https:\/\/grammar-check.top\/vn\/\">v\u00e9rificateur et correcteur de grammaire<\/a> t\u00e2che. Il est toujours pr\u00e9f\u00e9rable d'avoir une \u00e9ch\u00e9ance stricte plut\u00f4t que trop d'\u00e9ch\u00e9ances.<\/p>\n<\/p>\n<p>Un autre \u00e9l\u00e9ment essentiel pour un bon r\u00e9dacteur de dissertation est sa ma\u00eetrise de la langue anglaise. L'essai ne doit pas utiliser de dictionnaire, de guide de conversation ou d'autres outils linguistiques qui ne sont pas sp\u00e9cifiques au sujet de l'essai. La plupart des entreprises exigent que l'\u00e9tudiant soumette une derni\u00e8re version de son essai en utilisant la pr\u00e9sentation, la langue et la grammaire appropri\u00e9es. Si l'\u00e9tudiant n'est pas en mesure de r\u00e9diger un article en respectant ces crit\u00e8res, les chances que l'entreprise offre un bon travail \u00e0 l'auteur de la dissertation sont minces.<\/p>\n<\/p>\n<p>Enfin, il est n\u00e9cessaire que chaque \u00e9tudiant d\u00e9veloppe un style d'\u00e9criture et un mod\u00e8le de r\u00e9alisation des missions. Cela l'aidera \u00e0 cr\u00e9er un excellent style d'\u00e9criture qui lui conviendra tout au long de sa vie. Les r\u00e9dacteurs doivent \u00e9crire en gardant leur sujet \u00e0 l'esprit tout en suivant une s\u00e9quence logique de paragraphes, sans fautes de grammaire, sans r\u00e9p\u00e9titions et sans erreurs d'\u00e9criture apparentes. Il est \u00e9galement important de bien comprendre la structure des phrases. Par exemple, si un essai doit discuter des avantages de la couverture de la non-comp\u00e9titivit\u00e9, le r\u00e9dacteur doit s'assurer qu'il cite clairement comment la politique profitera aux deux parties concern\u00e9es.<\/p>","protected":false},"excerpt":{"rendered":"<p>How a lot of you have been requested by a college or school to write my essay for me? If [&hellip;]<\/p>","protected":false},"author":1,"featured_media":0,"parent":0,"menu_order":0,"comment_status":"closed","ping_status":"closed","template":"","meta":{"site-sidebar-layout":"default","site-content-layout":"","ast-site-content-layout":"default","site-content-style":"default","site-sidebar-style":"default","ast-global-header-display":"","ast-banner-title-visibility":"","ast-main-header-display":"","ast-hfb-above-header-display":"","ast-hfb-below-header-display":"","ast-hfb-mobile-header-display":"","site-post-title":"","ast-breadcrumbs-content":"","ast-featured-img":"","footer-sml-layout":"","ast-disable-related-posts":"","theme-transparent-header-meta":"","adv-header-id-meta":"","stick-header-meta":"","header-above-stick-meta":"","header-main-stick-meta":"","header-below-stick-meta":"","astra-migrate-meta-layouts":"default","ast-page-background-enabled":"default","ast-page-background-meta":{"desktop":{"background-color":"var(--ast-global-color-5)","background-image":"","background-repeat":"repeat","background-position":"center center","background-size":"auto","background-attachment":"scroll","background-type":"","background-media":"","overlay-type":"","overlay-color":"","overlay-opacity":"","overlay-gradient":""},"tablet":{"background-color":"","background-image":"","background-repeat":"repeat","background-position":"center center","background-size":"auto","background-attachment":"scroll","background-type":"","background-media":"","overlay-type":"","overlay-color":"","overlay-opacity":"","overlay-gradient":""},"mobile":{"background-color":"","background-image":"","background-repeat":"repeat","background-position":"center center","background-size":"auto","background-attachment":"scroll","background-type":"","background-media":"","overlay-type":"","overlay-color":"","overlay-opacity":"","overlay-gradient":""}},"ast-content-background-meta":{"desktop":{"background-color":"var(--ast-global-color-4)","background-image":"","background-repeat":"repeat","background-position":"center center","background-size":"auto","background-attachment":"scroll","background-type":"","background-media":"","overlay-type":"","overlay-color":"","overlay-opacity":"","overlay-gradient":""},"tablet":{"background-color":"var(--ast-global-color-4)","background-image":"","background-repeat":"repeat","background-position":"center center","background-size":"auto","background-attachment":"scroll","background-type":"","background-media":"","overlay-type":"","overlay-color":"","overlay-opacity":"","overlay-gradient":""},"mobile":{"background-color":"var(--ast-global-color-4)","background-image":"","background-repeat":"repeat","background-position":"center center","background-size":"auto","background-attachment":"scroll","background-type":"","background-media":"","overlay-type":"","overlay-color":"","overlay-opacity":"","overlay-gradient":""}},"footnotes":""},"class_list":["post-1619","page","type-page","status-publish","hentry"],"_links":{"self":[{"href":"https:\/\/elle-naturelle.be\/fr\/wp-json\/wp\/v2\/pages\/1619","targetHints":{"allow":["GET"]}}],"collection":[{"href":"https:\/\/elle-naturelle.be\/fr\/wp-json\/wp\/v2\/pages"}],"about":[{"href":"https:\/\/elle-naturelle.be\/fr\/wp-json\/wp\/v2\/types\/page"}],"author":[{"embeddable":true,"href":"https:\/\/elle-naturelle.be\/fr\/wp-json\/wp\/v2\/users\/1"}],"replies":[{"embeddable":true,"href":"https:\/\/elle-naturelle.be\/fr\/wp-json\/wp\/v2\/comments?post=1619"}],"version-history":[{"count":0,"href":"https:\/\/elle-naturelle.be\/fr\/wp-json\/wp\/v2\/pages\/1619\/revisions"}],"wp:attachment":[{"href":"https:\/\/elle-naturelle.be\/fr\/wp-json\/wp\/v2\/media?parent=1619"}],"curies":[{"name":"wp","href":"https:\/\/api.w.org\/{rel}","templated":true}]}}