{"id":1155,"date":"2021-12-23T01:08:00","date_gmt":"2021-12-23T01:08:00","guid":{"rendered":"https:\/\/elle-naturelle.be\/?page_id=1155"},"modified":"2025-04-17T01:34:54","modified_gmt":"2025-04-16T23:34:54","slug":"cookiebeleid","status":"publish","type":"page","link":"https:\/\/elle-naturelle.be\/fr\/cookiebeleid\/","title":{"rendered":"Cookiebeleid"},"content":{"rendered":"<div data-elementor-type=\"wp-page\" data-elementor-id=\"1155\" class=\"elementor elementor-1155\" data-elementor-post-type=\"page\">\n\t\t\t\t<div class=\"elementor-element elementor-element-4139fffd e-flex e-con-boxed e-con e-parent\" data-id=\"4139fffd\" data-element_type=\"container\" data-e-type=\"container\">\n\t\t\t\t\t<div class=\"e-con-inner\">\n\t\t\t\t<div class=\"elementor-element elementor-element-3451ea3a elementor-widget elementor-widget-text-editor\" data-id=\"3451ea3a\" data-element_type=\"widget\" data-e-type=\"widget\" data-widget_type=\"text-editor.default\">\n\t\t\t\t<div class=\"elementor-widget-container\">\n\t\t\t\t\t\t\t\t\t<h1><strong>Politique en mati\u00e8re de cookies pour Elle-Naturelle<\/strong><\/h1><p><em>Derni\u00e8re mise \u00e0 jour : 4 f\u00e9vrier 2025<\/em><\/p><p>Il s'agit de la politique en mati\u00e8re de cookies de\u00a0<strong>Elle-Naturelle<\/strong>accessible \u00e0 l'adresse suivante\u00a0<strong>https:\/\/elle-naturelle.be<\/strong>.<\/p><h4><strong>Qu'est-ce qu'un cookie ?<\/strong><\/h4><p>Comme c'est le cas pour la plupart des sites web professionnels, ce site utilise\u00a0<strong>biscuits<\/strong>-Les cookies sont des petits fichiers t\u00e9l\u00e9charg\u00e9s sur votre ordinateur pour am\u00e9liorer votre exp\u00e9rience. Cette page explique quelles informations ils collectent, comment nous les utilisons et pourquoi nous avons parfois besoin de stocker ces cookies. Nous vous expliquons \u00e9galement comment vous pouvez emp\u00eacher le stockage des cookies, m\u00eame si cela risque de r\u00e9duire ou de \"casser\" certains \u00e9l\u00e9ments de la fonctionnalit\u00e9 du site.<\/p><p>Pour des informations plus g\u00e9n\u00e9rales sur les cookies, voir l'article de Wikip\u00e9dia sur les\u00a0<a href=\"https:\/\/en.wikipedia.org\/wiki\/HTTP_cookie\" target=\"_blank\" rel=\"noopener noreferrer\">Cookies HTTP<\/a>.<\/p><h4><strong>Comment nous utilisons les cookies<\/strong><\/h4><p>Nous utilisons des cookies pour diverses raisons, d\u00e9taill\u00e9es ci-dessous. Malheureusement, dans la plupart des cas, il n'existe pas d'options standard pour d\u00e9sactiver les cookies sans d\u00e9sactiver compl\u00e8tement les fonctionnalit\u00e9s et les caract\u00e9ristiques qu'ils ajoutent \u00e0 ce site. Nous vous recommandons de laisser tous les cookies activ\u00e9s si vous n'\u00eates pas s\u00fbr d'en avoir besoin, en particulier s'ils sont utilis\u00e9s pour fournir un service dont vous d\u00e9pendez.<\/p><h4><strong>D\u00e9sactivation des cookies<\/strong><\/h4><p>Vous pouvez emp\u00eacher l'installation de cookies en ajustant les param\u00e8tres de votre navigateur (consultez la section d'aide de votre navigateur pour obtenir des instructions). Notez que la d\u00e9sactivation des cookies affectera la fonctionnalit\u00e9 de ce site et de nombreux autres sites que vous visitez. La d\u00e9sactivation des cookies entra\u00eene g\u00e9n\u00e9ralement la d\u00e9sactivation de certaines caract\u00e9ristiques et fonctionnalit\u00e9s de ce site. C'est pourquoi nous recommandons\u00a0<strong>ne pas d\u00e9sactiver les cookies<\/strong>.<\/p><h4><strong>Les cookies que nous installons<\/strong><\/h4><ol start=\"1\"><li><p><strong>Cookies li\u00e9s au compte<\/strong><br \/>Si vous cr\u00e9ez un compte chez nous, nous utilisons des cookies pour g\u00e9rer le processus d'enregistrement et l'administration g\u00e9n\u00e9rale. Ces cookies sont g\u00e9n\u00e9ralement supprim\u00e9s lorsque vous vous d\u00e9connectez, mais dans certains cas, ils peuvent rester pour se souvenir de vos pr\u00e9f\u00e9rences de site lorsque vous \u00eates d\u00e9connect\u00e9.<\/p><\/li><li><p><strong>Cookies de tiers<\/strong><br \/>Dans certains cas, nous utilisons \u00e9galement des cookies fournis par des tiers de confiance. La section suivante d\u00e9taille les cookies de tiers que vous pouvez rencontrer sur ce site.<\/p><ul><li><p><strong>Cookies analytiques<\/strong>: Des outils d'analyse tiers sont utilis\u00e9s pour suivre et mesurer l'utilisation du site afin que nous puissions continuer \u00e0 produire un contenu attrayant. Ces cookies peuvent suivre des param\u00e8tres tels que le temps pass\u00e9 sur le site ou les pages visit\u00e9es, ce qui nous aide \u00e0 comprendre comment am\u00e9liorer votre exp\u00e9rience.<\/p><\/li><\/ul><\/li><\/ol><h4><strong>Plus d'informations<\/strong><\/h4><p>Nous esp\u00e9rons que cela clarifie les choses. Comme indiqu\u00e9 pr\u00e9c\u00e9demment, si vous n'\u00eates pas s\u00fbr d'avoir besoin d'un cookie, il est g\u00e9n\u00e9ralement plus s\u00fbr de laisser les cookies activ\u00e9s au cas o\u00f9 ils interagiraient avec des fonctions que vous utilisez sur notre site.<\/p><p>Cette politique en mati\u00e8re de cookies a \u00e9t\u00e9 \u00e9labor\u00e9e avec l'aide de\u00a0<a href=\"https:\/\/www.cookiepolicygenerator.com\/\" target=\"_blank\" rel=\"noopener noreferrer\">CookiePolicyGenerator.com<\/a>.<\/p><p>Si vous avez besoin de plus d'informations, veuillez nous contacter par le biais de notre m\u00e9thode pr\u00e9f\u00e9r\u00e9e :<br \/><strong>Courriel<\/strong>:\u00a0<a href=\"https:\/\/mailto:hello@donnykingmedia.be\/\" target=\"_blank\" rel=\"noopener noreferrer\">hello@donnykingmedia.be<\/a><\/p>\t\t\t\t\t\t\t\t<\/div>\n\t\t\t\t<\/div>\n\t\t\t\t\t<\/div>\n\t\t\t\t<\/div>\n\t\t\t\t<\/div>","protected":false},"excerpt":{"rendered":"<p>Cookie Policy for Elle-Naturelle Last updated: February 4, 2025 This is the Cookie Policy for\u00a0Elle-Naturelle, accessible at\u00a0https:\/\/elle-naturelle.be. What Are Cookies? [&hellip;]<\/p>","protected":false},"author":1,"featured_media":0,"parent":0,"menu_order":0,"comment_status":"closed","ping_status":"closed","template":"","meta":{"site-sidebar-layout":"default","site-content-layout":"","ast-site-content-layout":"default","site-content-style":"default","site-sidebar-style":"default","ast-global-header-display":"","ast-banner-title-visibility":"","ast-main-header-display":"","ast-hfb-above-header-display":"","ast-hfb-below-header-display":"","ast-hfb-mobile-header-display":"","site-post-title":"","ast-breadcrumbs-content":"","ast-featured-img":"","footer-sml-layout":"","ast-disable-related-posts":"","theme-transparent-header-meta":"","adv-header-id-meta":"","stick-header-meta":"","header-above-stick-meta":"","header-main-stick-meta":"","header-below-stick-meta":"","astra-migrate-meta-layouts":"default","ast-page-background-enabled":"default","ast-page-background-meta":{"desktop":{"background-color":"var(--ast-global-color-5)","background-image":"","background-repeat":"repeat","background-position":"center center","background-size":"auto","background-attachment":"scroll","background-type":"","background-media":"","overlay-type":"","overlay-color":"","overlay-opacity":"","overlay-gradient":""},"tablet":{"background-color":"","background-image":"","background-repeat":"repeat","background-position":"center center","background-size":"auto","background-attachment":"scroll","background-type":"","background-media":"","overlay-type":"","overlay-color":"","overlay-opacity":"","overlay-gradient":""},"mobile":{"background-color":"","background-image":"","background-repeat":"repeat","background-position":"center center","background-size":"auto","background-attachment":"scroll","background-type":"","background-media":"","overlay-type":"","overlay-color":"","overlay-opacity":"","overlay-gradient":""}},"ast-content-background-meta":{"desktop":{"background-color":"var(--ast-global-color-4)","background-image":"","background-repeat":"repeat","background-position":"center center","background-size":"auto","background-attachment":"scroll","background-type":"","background-media":"","overlay-type":"","overlay-color":"","overlay-opacity":"","overlay-gradient":""},"tablet":{"background-color":"var(--ast-global-color-4)","background-image":"","background-repeat":"repeat","background-position":"center center","background-size":"auto","background-attachment":"scroll","background-type":"","background-media":"","overlay-type":"","overlay-color":"","overlay-opacity":"","overlay-gradient":""},"mobile":{"background-color":"var(--ast-global-color-4)","background-image":"","background-repeat":"repeat","background-position":"center center","background-size":"auto","background-attachment":"scroll","background-type":"","background-media":"","overlay-type":"","overlay-color":"","overlay-opacity":"","overlay-gradient":""}},"footnotes":""},"class_list":["post-1155","page","type-page","status-publish","hentry"],"_links":{"self":[{"href":"https:\/\/elle-naturelle.be\/fr\/wp-json\/wp\/v2\/pages\/1155","targetHints":{"allow":["GET"]}}],"collection":[{"href":"https:\/\/elle-naturelle.be\/fr\/wp-json\/wp\/v2\/pages"}],"about":[{"href":"https:\/\/elle-naturelle.be\/fr\/wp-json\/wp\/v2\/types\/page"}],"author":[{"embeddable":true,"href":"https:\/\/elle-naturelle.be\/fr\/wp-json\/wp\/v2\/users\/1"}],"replies":[{"embeddable":true,"href":"https:\/\/elle-naturelle.be\/fr\/wp-json\/wp\/v2\/comments?post=1155"}],"version-history":[{"count":0,"href":"https:\/\/elle-naturelle.be\/fr\/wp-json\/wp\/v2\/pages\/1155\/revisions"}],"wp:attachment":[{"href":"https:\/\/elle-naturelle.be\/fr\/wp-json\/wp\/v2\/media?parent=1155"}],"curies":[{"name":"wp","href":"https:\/\/api.w.org\/{rel}","templated":true}]}}