{"id":1074,"date":"2021-12-13T09:30:08","date_gmt":"2021-12-13T09:30:08","guid":{"rendered":"https:\/\/elle-naturelle.be\/?page_id=1074"},"modified":"2025-04-17T00:59:40","modified_gmt":"2025-04-16T22:59:40","slug":"terms-and-conditions","status":"publish","type":"page","link":"https:\/\/elle-naturelle.be\/fr\/terms-and-conditions\/","title":{"rendered":"Autres informations"},"content":{"rendered":"<div data-elementor-type=\"wp-page\" data-elementor-id=\"1074\" class=\"elementor elementor-1074\" data-elementor-post-type=\"page\">\n\t\t\t\t<div class=\"elementor-element elementor-element-15f24082 e-con-full e-flex e-con e-parent\" data-id=\"15f24082\" data-element_type=\"container\" data-e-type=\"container\" data-settings=\"{&quot;background_background&quot;:&quot;classic&quot;}\">\n\t\t\t\t<div class=\"elementor-element elementor-element-7d544a26 elementor-widget elementor-widget-text-editor\" data-id=\"7d544a26\" data-element_type=\"widget\" data-e-type=\"widget\" data-widget_type=\"text-editor.default\">\n\t\t\t\t<div class=\"elementor-widget-container\">\n\t\t\t\t\t\t\t\t\t<h1><strong>Conditions d'utilisation - Elle-Naturelle.be<\/strong><\/h1><p><em>Derni\u00e8re mise \u00e0 jour : 4 f\u00e9vrier 2025<\/em><\/p><h2><strong>Table des mati\u00e8res<\/strong><\/h2><ol><li>Dispositions g\u00e9n\u00e9rales<\/li><li>Conditions de participation<\/li><li>Responsabilit\u00e9<\/li><li>Inscription et annulation<\/li><li>Politique en mati\u00e8re de livre d'or<\/li><li>Vie priv\u00e9e et protection des donn\u00e9es<\/li><li>Vente et remboursement des billets<\/li><li>Utilisation des m\u00e9dias<\/li><li>Droit applicable et litiges<\/li><\/ol><h2><strong>1. Dispositions g\u00e9n\u00e9rales<\/strong><\/h2><p>1.1 Les pr\u00e9sentes conditions g\u00e9n\u00e9rales s'appliquent \u00e0 toutes les manifestations organis\u00e9es par <strong>Donder &amp; Bliksem B.V.<\/strong>, op\u00e9rant sous le nom de <strong>Elle-Naturelle.be<\/strong>.<\/p><p>1.2 En participant \u00e0 nos \u00e9v\u00e9nements et\/ou en utilisant notre site web, vous acceptez les pr\u00e9sentes conditions g\u00e9n\u00e9rales.<\/p><p>1.3 Elle-Naturelle.be se r\u00e9serve le droit de <strong>refuser l'entr\u00e9e sans fournir de motif<\/strong>.<\/p><p>1.4 <strong>L'agression, le racisme ou tout autre comportement inappropri\u00e9 ne seront pas tol\u00e9r\u00e9s.<\/strong> et se traduira par <strong>l'expulsion imm\u00e9diate du lieu de r\u00e9union sans remboursement<\/strong>.<\/p><p>1.5 <strong>En vous inscrivant \u00e0 un \u00e9v\u00e9nement ou en achetant un billet, vous acceptez automatiquement ces conditions.<\/strong><\/p><h2><strong>2. Conditions de participation<\/strong><\/h2><p>2.1 Nos \u00e9v\u00e9nements sont <strong>strictement pour les personnes \u00e2g\u00e9es de 18 ans et plus<\/strong>.<\/p><p>2.2 Toutes les femmes participantes sont <strong>adultes l\u00e9gaux et participer de mani\u00e8re volontaire et ind\u00e9pendante<\/strong>que l'on soit seul ou en couple.<\/p><p>2.3 <strong>Nos \u00e9v\u00e9nements ne n\u00e9cessitent pas l'utilisation de pr\u00e9servatifs<\/strong>les participants peuvent choisir d'utiliser ou non une protection.<\/p><p>2.4 La participation est <strong>seulement autoris\u00e9 avec un r\u00e9sultat de test VIH et syphilis valide<\/strong>. Sans preuve, l'entr\u00e9e n'est pas autoris\u00e9e.<\/p><p>2.5 Nous <strong>recommandent vivement de proc\u00e9der r\u00e9guli\u00e8rement \u00e0 des tests de d\u00e9pistage des IST<\/strong>. Nous sommes <strong>non responsable<\/strong> pour toute infection contract\u00e9e pendant les \u00e9v\u00e9nements.<\/p><p>2.6 <strong>Les participants sont seuls responsables de leur sant\u00e9<\/strong> et les d\u00e9cisions en mati\u00e8re de protection. L'organisation n'est pas responsable des cons\u00e9quences de rapports sexuels non prot\u00e9g\u00e9s pendant les \u00e9v\u00e9nements.<\/p><h2><strong>3. Responsabilit\u00e9<\/strong><\/h2><p>3.1 La participation est de <strong>\u00e0 vos risques et p\u00e9rils<\/strong>.<\/p><p>3.2 Les participants sont responsables de tout accident ou incident survenant au cours des \u00e9v\u00e9nements.<\/p><p>3.3 Donder &amp; Bliksem B.V. s'efforcera d'assurer la pr\u00e9sence de tous les artistes-interpr\u00e8tes figurant sur la liste, mais <strong>ne peuvent pas garantir leur pr\u00e9sence<\/strong>.<\/p><p>3.4 L'organisation est <strong>n'est pas responsable de la perte, de la d\u00e9t\u00e9rioration ou du vol d'effets personnels<\/strong>.<\/p><h2><strong>4. Inscription et annulation<\/strong><\/h2><p>4.1 L'inscription se fait via notre site web. Apr\u00e8s l'inscription, vous recevrez un <strong>confirmation par courriel<\/strong>.<\/p><p>4.2 Si vous ne souhaitez plus participer, vous pouvez annuler votre inscription en cliquant sur le lien figurant dans l'e-mail de confirmation.<\/p><h2><strong>5. Politique en mati\u00e8re de livre d'or<\/strong><\/h2><p>5.1 Le livre d'or est destin\u00e9 \u00e0 l'\u00e9change d'exp\u00e9riences et de commentaires.<\/p><p>5.2 Messages contenant <strong>moquerie, blasph\u00e8me ou contenu offensant<\/strong> peut \u00eatre <strong>retir\u00e9s sans pr\u00e9avis<\/strong>.<\/p><p>5.3 Lors de l'utilisation du livre d'or, <strong>Les adresses IP sont stock\u00e9es<\/strong> \u00e0 des fins de s\u00e9curit\u00e9.<\/p><h2><strong>6. Vie priv\u00e9e et protection des donn\u00e9es<\/strong><\/h2><p>6.1 Vos donn\u00e9es personnelles sont trait\u00e9es conform\u00e9ment aux lois applicables en mati\u00e8re de protection de la vie priv\u00e9e et ne sont pas communiqu\u00e9es \u00e0 des tiers sans votre consentement, sauf en cas d'obligation l\u00e9gale.<\/p><p>6.2 Lors de l'utilisation du livre d'or, <strong>votre adresse IP est stock\u00e9e<\/strong> pour prot\u00e9ger l'int\u00e9grit\u00e9 de la plateforme.<\/p><p>6.3 <strong>Les adresses IP sont stock\u00e9es uniquement \u00e0 des fins de s\u00e9curit\u00e9 et de pr\u00e9vention de la fraude.<\/strong> et ne sont pas partag\u00e9es, sauf si la loi l'exige.<\/p><h2><strong>7. Vente et remboursement des billets<\/strong><\/h2><p>7.1 Les billets sont vendus par l'interm\u00e9diaire de notre site web de billetterie affili\u00e9.<\/p><p>7.2 <strong>Les billets achet\u00e9s ne sont pas remboursables et ne peuvent \u00eatre \u00e9chang\u00e9s contre de l'argent.<\/strong>.<\/p><p>7.3 Si l'acc\u00e8s est refus\u00e9 par l'organisation pour quelque raison que ce soit, <strong>aucun remboursement ne sera effectu\u00e9<\/strong>.<\/p><p>7.4 Si un \u00e9v\u00e9nement est annul\u00e9 par l'organisation, les participants recevront une lettre d'information de la part de l'organisation. <strong>un bon d'achat \u00e9gal \u00e0 la valeur du billet<\/strong>utilisable pour des \u00e9v\u00e9nements futurs. <strong>Aucun remboursement en esp\u00e8ces ne sera effectu\u00e9<\/strong>.<\/p><h2><strong>8. Utilisation des m\u00e9dias<\/strong><\/h2><p>8.1 <strong>Aucune photo ou vid\u00e9o n'est prise lors des \u00e9v\u00e9nements Elle-Naturelle.be.<\/strong>.<\/p><p>8.2 Certains \u00e9v\u00e9nements, tels que <strong>Xbanging<\/strong> et <strong>Filth flamand<\/strong>La couverture m\u00e9diatique peut \u00eatre incluse dans le programme. Celle-ci est toujours clairement communiqu\u00e9e \u00e0 l'avance.<\/p><p>8.3 Les images promotionnelles figurant sur notre site web sont <strong>soumis par les femmes participantes elles-m\u00eames<\/strong>. Nous sommes <strong>non responsable<\/strong> de l'authenticit\u00e9 ou de la r\u00e9currence de ces images.<\/p><h2><strong>9. Droit applicable et litiges<\/strong><\/h2><p>9.1 Les pr\u00e9sentes conditions sont r\u00e9gies par <strong>Droit belge<\/strong>.<\/p><p>9.2 Les litiges d\u00e9coulant des pr\u00e9sentes conditions ou de la participation \u00e0 nos \u00e9v\u00e9nements seront soumis au <strong>tribunal comp\u00e9tent dans la juridiction o\u00f9 Donder &amp; Bliksem B.V. est \u00e9tabli<\/strong>.<\/p><h2><strong>D\u00e9tails de l'entreprise<\/strong><\/h2><p><strong>Donder &amp; Bliksem B.V.<\/strong><\/p><p><!-- You can insert address and VAT if required --><\/p>\t\t\t\t\t\t\t\t<\/div>\n\t\t\t\t<\/div>\n\t\t\t\t<\/div>\n\t\t\t\t<\/div>","protected":false},"excerpt":{"rendered":"<p>Conditions g\u00e9n\u00e9rales - Elle-Naturelle.be Derni\u00e8re mise \u00e0 jour : 4 f\u00e9vrier 2025 Table des mati\u00e8res Dispositions g\u00e9n\u00e9rales Conditions de participation Responsabilit\u00e9 Inscription et [...]<\/p>","protected":false},"author":1,"featured_media":0,"parent":0,"menu_order":0,"comment_status":"closed","ping_status":"closed","template":"","meta":{"site-sidebar-layout":"default","site-content-layout":"","ast-site-content-layout":"default","site-content-style":"default","site-sidebar-style":"default","ast-global-header-display":"","ast-banner-title-visibility":"","ast-main-header-display":"","ast-hfb-above-header-display":"","ast-hfb-below-header-display":"","ast-hfb-mobile-header-display":"","site-post-title":"","ast-breadcrumbs-content":"","ast-featured-img":"","footer-sml-layout":"","ast-disable-related-posts":"","theme-transparent-header-meta":"default","adv-header-id-meta":"","stick-header-meta":"","header-above-stick-meta":"","header-main-stick-meta":"","header-below-stick-meta":"","astra-migrate-meta-layouts":"set","ast-page-background-enabled":"default","ast-page-background-meta":{"desktop":{"background-color":"var(--ast-global-color-5)","background-image":"","background-repeat":"repeat","background-position":"center center","background-size":"auto","background-attachment":"scroll","background-type":"","background-media":"","overlay-type":"","overlay-color":"","overlay-opacity":"","overlay-gradient":""},"tablet":{"background-color":"","background-image":"","background-repeat":"repeat","background-position":"center center","background-size":"auto","background-attachment":"scroll","background-type":"","background-media":"","overlay-type":"","overlay-color":"","overlay-opacity":"","overlay-gradient":""},"mobile":{"background-color":"","background-image":"","background-repeat":"repeat","background-position":"center center","background-size":"auto","background-attachment":"scroll","background-type":"","background-media":"","overlay-type":"","overlay-color":"","overlay-opacity":"","overlay-gradient":""}},"ast-content-background-meta":{"desktop":{"background-color":"var(--ast-global-color-4)","background-image":"","background-repeat":"repeat","background-position":"center center","background-size":"auto","background-attachment":"scroll","background-type":"","background-media":"","overlay-type":"","overlay-color":"","overlay-opacity":"","overlay-gradient":""},"tablet":{"background-color":"var(--ast-global-color-4)","background-image":"","background-repeat":"repeat","background-position":"center center","background-size":"auto","background-attachment":"scroll","background-type":"","background-media":"","overlay-type":"","overlay-color":"","overlay-opacity":"","overlay-gradient":""},"mobile":{"background-color":"var(--ast-global-color-4)","background-image":"","background-repeat":"repeat","background-position":"center center","background-size":"auto","background-attachment":"scroll","background-type":"","background-media":"","overlay-type":"","overlay-color":"","overlay-opacity":"","overlay-gradient":""}},"footnotes":""},"class_list":["post-1074","page","type-page","status-publish","hentry"],"_links":{"self":[{"href":"https:\/\/elle-naturelle.be\/fr\/wp-json\/wp\/v2\/pages\/1074","targetHints":{"allow":["GET"]}}],"collection":[{"href":"https:\/\/elle-naturelle.be\/fr\/wp-json\/wp\/v2\/pages"}],"about":[{"href":"https:\/\/elle-naturelle.be\/fr\/wp-json\/wp\/v2\/types\/page"}],"author":[{"embeddable":true,"href":"https:\/\/elle-naturelle.be\/fr\/wp-json\/wp\/v2\/users\/1"}],"replies":[{"embeddable":true,"href":"https:\/\/elle-naturelle.be\/fr\/wp-json\/wp\/v2\/comments?post=1074"}],"version-history":[{"count":0,"href":"https:\/\/elle-naturelle.be\/fr\/wp-json\/wp\/v2\/pages\/1074\/revisions"}],"wp:attachment":[{"href":"https:\/\/elle-naturelle.be\/fr\/wp-json\/wp\/v2\/media?parent=1074"}],"curies":[{"name":"wp","href":"https:\/\/api.w.org\/{rel}","templated":true}]}}