{"id":3,"date":"2021-10-29T08:27:32","date_gmt":"2021-10-29T08:27:32","guid":{"rendered":"https:\/\/elle-naturelle.be\/?page_id=3"},"modified":"2025-04-17T01:47:01","modified_gmt":"2025-04-16T23:47:01","slug":"privacybeleid","status":"publish","type":"page","link":"https:\/\/elle-naturelle.be\/de\/privacybeleid\/","title":{"rendered":"Datenschutzbestimmungen"},"content":{"rendered":"<div data-elementor-type=\"wp-page\" data-elementor-id=\"3\" class=\"elementor elementor-3\" data-elementor-post-type=\"page\">\n\t\t\t\t<div class=\"elementor-element elementor-element-1b39ecbb e-flex e-con-boxed e-con e-parent\" data-id=\"1b39ecbb\" data-element_type=\"container\" data-e-type=\"container\">\n\t\t\t\t\t<div class=\"e-con-inner\">\n\t\t\t\t<div class=\"elementor-element elementor-element-55f94418 elementor-widget elementor-widget-text-editor\" data-id=\"55f94418\" data-element_type=\"widget\" data-e-type=\"widget\" data-widget_type=\"text-editor.default\">\n\t\t\t\t<div class=\"elementor-widget-container\">\n\t\t\t\t\t\t\t\t\t<h1><strong>Datenschutzrichtlinie f\u00fcr ElleNaturelle<\/strong><\/h1>\n<p><em>Zuletzt aktualisiert: Februar 4, 2025<\/em><\/p>\n<p>Unter\u00a0<strong>ElleNaturelle<\/strong>, erreichbar \u00fcber\u00a0<strong><a href=\"https:\/\/elle-naturelle.be\/de\/\" target=\"_blank\" rel=\"noopener noreferrer\">https:\/\/elle-naturelle.be<\/a><\/strong>Eine unserer obersten Priorit\u00e4ten ist der Schutz der Privatsph\u00e4re unserer Besucher. Dieses Dokument zum Datenschutz beschreibt die Arten von Informationen, die von ElleNaturelle gesammelt und aufgezeichnet werden, und wie wir sie verwenden.<\/p>\n<p>Wenn Sie weitere Fragen haben oder mehr Informationen \u00fcber unsere Datenschutzrichtlinie ben\u00f6tigen, z\u00f6gern Sie bitte nicht, uns per E-Mail zu kontaktieren unter\u00a0<strong><a href=\"https:\/\/mailto:hello@donnykingmedia.be\/\" target=\"_blank\" rel=\"noopener noreferrer\">hello@donnykingmedia.be<\/a><\/strong>.<\/p>\n<h4><strong>Log-Dateien<\/strong><\/h4>\n<p>ElleNaturelle verwendet standardm\u00e4\u00dfig Protokolldateien. Diese Dateien protokollieren die Besucher, wenn sie Websites besuchen. Alle Hosting-Firmen tun dies als Teil der Analytik der Hosting-Dienste. Die von den Logdateien gesammelten Informationen beinhalten Internetprotokoll (IP)-Adressen, Browsertyp, Internet Service Provider (ISP), Datums- und Zeitstempel, verweisende\/verlassende Seiten und m\u00f6glicherweise die Anzahl der Klicks. Diese Daten werden nicht mit pers\u00f6nlich identifizierbaren Informationen verkn\u00fcpft. Der Zweck dieser Daten ist es, Trends zu analysieren, die Website zu verwalten, die Bewegungen der Nutzer auf der Website zu verfolgen und demografische Informationen zu sammeln.<\/p>\n<h4><strong>Cookies und Web Beacons<\/strong><\/h4>\n<p>Wie jede andere Website auch,\u00a0<strong>ElleNaturelle<\/strong>\u00a0verwendet\u00a0<strong>Cookies<\/strong>. Diese Cookies speichern Informationen, einschlie\u00dflich der Pr\u00e4ferenzen der Besucher und der Seiten auf der Website, die der Besucher aufgerufen oder besucht hat. Die Daten werden verwendet, um die Nutzererfahrung zu optimieren, indem der Inhalt unserer Webseiten auf der Grundlage des Browsertyps der Besucher und\/oder anderer Informationen angepasst wird.<\/p>\n<h4><strong>Unsere Werbepartner<\/strong><\/h4>\n<p>Einige Werbepartner auf unserer Website k\u00f6nnen Cookies und Web Beacons verwenden. Im Folgenden finden Sie eine Liste unserer Werbepartner. Jeder unserer Werbepartner hat seine eigenen Datenschutzrichtlinien bez\u00fcglich der Nutzerdaten. Um den Zugang zu erleichtern, haben wir unten einen Hyperlink zu den jeweiligen Datenschutzrichtlinien gesetzt.<\/p>\n<p><strong>Google<\/strong><br \/><a href=\"https:\/\/policies.google.com\/technologies\/ads\" target=\"_blank\" rel=\"noopener noreferrer\">https:\/\/policies.google.com\/technologies\/ads<\/a><\/p>\n<p>Sie k\u00f6nnen diese Liste konsultieren, um die Datenschutzrichtlinien f\u00fcr jeden der Werbepartner von ElleNaturelle zu finden.<\/p>\n<p>Werbeserver oder Werbenetzwerke von Dritten verwenden Technologien wie Cookies, JavaScript oder Web Beacons in ihren jeweiligen Anzeigen und Links, die auf\u00a0<strong>ElleNaturelle<\/strong>die direkt an die Browser der Nutzer gesendet werden. In diesem Fall erhalten sie automatisch Ihre IP-Adresse. Diese Technologien werden verwendet, um die Wirksamkeit ihrer Werbekampagnen zu messen und\/oder um die Werbeinhalte, die Sie auf den von Ihnen besuchten Websites sehen, zu personalisieren.<\/p>\n<p><strong>Anmerkung:<\/strong>\u00a0ElleNaturelle hat keinen Zugang zu oder Kontrolle \u00fcber Cookies, die von Drittanbietern verwendet werden.<\/p>\n<h4><strong>Datenschutzrichtlinien von Drittanbietern<\/strong><\/h4>\n<p>Die Datenschutzrichtlinie von ElleNaturelle gilt nicht f\u00fcr andere Werbetreibende oder Websites. Wir raten Ihnen daher, die jeweiligen Datenschutzrichtlinien dieser dritten Werbeserver zu konsultieren, um genauere Informationen zu erhalten. Sie k\u00f6nnen deren Praktiken und Anweisungen dar\u00fcber enthalten, wie man sich von bestimmten Optionen abmelden kann.<\/p>\n<p>Sie k\u00f6nnen Cookies \u00fcber Ihre individuellen Browseroptionen deaktivieren. Ausf\u00fchrlichere Informationen \u00fcber die Verwaltung von Cookies mit bestimmten Webbrowsern finden Sie auf den jeweiligen Websites der Browser.<\/p>\n<h4><strong>Informationen f\u00fcr Kinder<\/strong><\/h4>\n<p>Ein weiterer Teil unserer Priorit\u00e4t ist der Schutz der Kinder bei der Nutzung des Internets. Wir ermutigen Eltern und Erziehungsberechtigte, ihre Online-Aktivit\u00e4ten zu beobachten, daran teilzunehmen, sie zu \u00fcberwachen und\/oder anzuleiten.<\/p>\n<p><strong>ElleNaturelle sammelt wissentlich keine pers\u00f6nlich identifizierbaren Informationen von Kindern unter 13 Jahren.<\/strong>\u00a0Wenn Sie der Meinung sind, dass Ihr Kind solche Informationen auf unserer Website angegeben hat, bitten wir Sie dringend, uns sofort zu kontaktieren, und wir werden unser Bestes tun, um solche Informationen umgehend aus unseren Unterlagen zu entfernen.<\/p>\n<h4><strong>Zustimmung<\/strong><\/h4>\n<p>Durch die Nutzung unserer Website erkl\u00e4ren Sie sich mit unserer Datenschutzrichtlinie einverstanden und stimmen den darin enthaltenen Bedingungen und Konditionen zu.<\/p>\t\t\t\t\t\t\t\t<\/div>\n\t\t\t\t<\/div>\n\t\t\t\t\t<\/div>\n\t\t\t\t<\/div>\n\t\t\t\t<\/div>","protected":false},"excerpt":{"rendered":"<p>Datenschutzrichtlinie f\u00fcr ElleNaturelle Zuletzt aktualisiert: 4. Februar 2025 Bei ElleNaturelle, zug\u00e4nglich \u00fcber https:\/\/elle-naturelle.be, ist eine unserer h\u00f6chsten Priorit\u00e4ten der Schutz der Privatsph\u00e4re [...]<\/p>","protected":false},"author":1,"featured_media":0,"parent":0,"menu_order":0,"comment_status":"closed","ping_status":"open","template":"","meta":{"site-sidebar-layout":"default","site-content-layout":"","ast-site-content-layout":"default","site-content-style":"default","site-sidebar-style":"default","ast-global-header-display":"","ast-banner-title-visibility":"","ast-main-header-display":"","ast-hfb-above-header-display":"","ast-hfb-below-header-display":"","ast-hfb-mobile-header-display":"","site-post-title":"","ast-breadcrumbs-content":"","ast-featured-img":"","footer-sml-layout":"","ast-disable-related-posts":"","theme-transparent-header-meta":"","adv-header-id-meta":"","stick-header-meta":"","header-above-stick-meta":"","header-main-stick-meta":"","header-below-stick-meta":"","astra-migrate-meta-layouts":"default","ast-page-background-enabled":"default","ast-page-background-meta":{"desktop":{"background-color":"var(--ast-global-color-5)","background-image":"","background-repeat":"repeat","background-position":"center center","background-size":"auto","background-attachment":"scroll","background-type":"","background-media":"","overlay-type":"","overlay-color":"","overlay-opacity":"","overlay-gradient":""},"tablet":{"background-color":"","background-image":"","background-repeat":"repeat","background-position":"center center","background-size":"auto","background-attachment":"scroll","background-type":"","background-media":"","overlay-type":"","overlay-color":"","overlay-opacity":"","overlay-gradient":""},"mobile":{"background-color":"","background-image":"","background-repeat":"repeat","background-position":"center center","background-size":"auto","background-attachment":"scroll","background-type":"","background-media":"","overlay-type":"","overlay-color":"","overlay-opacity":"","overlay-gradient":""}},"ast-content-background-meta":{"desktop":{"background-color":"var(--ast-global-color-4)","background-image":"","background-repeat":"repeat","background-position":"center center","background-size":"auto","background-attachment":"scroll","background-type":"","background-media":"","overlay-type":"","overlay-color":"","overlay-opacity":"","overlay-gradient":""},"tablet":{"background-color":"var(--ast-global-color-4)","background-image":"","background-repeat":"repeat","background-position":"center center","background-size":"auto","background-attachment":"scroll","background-type":"","background-media":"","overlay-type":"","overlay-color":"","overlay-opacity":"","overlay-gradient":""},"mobile":{"background-color":"var(--ast-global-color-4)","background-image":"","background-repeat":"repeat","background-position":"center center","background-size":"auto","background-attachment":"scroll","background-type":"","background-media":"","overlay-type":"","overlay-color":"","overlay-opacity":"","overlay-gradient":""}},"footnotes":""},"class_list":["post-3","page","type-page","status-publish","hentry"],"_links":{"self":[{"href":"https:\/\/elle-naturelle.be\/de\/wp-json\/wp\/v2\/pages\/3","targetHints":{"allow":["GET"]}}],"collection":[{"href":"https:\/\/elle-naturelle.be\/de\/wp-json\/wp\/v2\/pages"}],"about":[{"href":"https:\/\/elle-naturelle.be\/de\/wp-json\/wp\/v2\/types\/page"}],"author":[{"embeddable":true,"href":"https:\/\/elle-naturelle.be\/de\/wp-json\/wp\/v2\/users\/1"}],"replies":[{"embeddable":true,"href":"https:\/\/elle-naturelle.be\/de\/wp-json\/wp\/v2\/comments?post=3"}],"version-history":[{"count":0,"href":"https:\/\/elle-naturelle.be\/de\/wp-json\/wp\/v2\/pages\/3\/revisions"}],"wp:attachment":[{"href":"https:\/\/elle-naturelle.be\/de\/wp-json\/wp\/v2\/media?parent=3"}],"curies":[{"name":"wp","href":"https:\/\/api.w.org\/{rel}","templated":true}]}}