{"id":2800,"date":"2023-11-25T12:18:20","date_gmt":"2023-11-25T12:18:20","guid":{"rendered":"https:\/\/elle-naturelle.be\/?page_id=2800"},"modified":"2023-11-25T12:24:25","modified_gmt":"2023-11-25T12:24:25","slug":"maak-kans-op-1-jaar-gratis-inkom","status":"publish","type":"page","link":"https:\/\/elle-naturelle.be\/de\/maak-kans-op-1-jaar-gratis-inkom\/","title":{"rendered":"Maak kans op 1 jaar gratis inkom!"},"content":{"rendered":"<p><b>Bin ich der gl\u00fcckliche Gewinner unserer spektakul\u00e4ren Tombola?<\/b><\/p>\n<p>Es gibt viel zu tun, der letzte Monat des Jahres ist vorbei, und in diesem Jahr treffen wir uns wieder mit Julie.<\/p>\n<p>Goed geil en met ladingen heerlijk warm zaad onder het motto \"blij dat ik glij\"!<span class=\"Apple-converted-space\">\u00a0<\/span><\/p>\n<p>Um Julie f\u00fcr die vielen jungen Leute zu danken, die 2023 dank Julie sterben werden, veranstalten wir 3 Tombolas mit einem Kanister mit einem bestimmten Preis...<\/p>\n<p>Wir haben schon 3 Jahre lang keine 12 Ausgangstickets mehr bekommen.<\/p>\n<p>De voorwaarden:<\/p>\n<p>Unter den folgenden Daten und Orten wird ein Jahresabonnement f\u00fcr die Teilnehmer freigeschaltet, die um 14:30 Uhr zu erreichen sind:<\/p>\n<p>7\/12 im Fetischclub 78 te Oostham<\/p>\n<p>17\/12 in Club Cupido te Ruddervoorde <span class=\"Apple-converted-space\">\u00a0<\/span><\/p>\n<p>31\/12 in de Koleblomme in De Pinte<\/p>\n<p>Dieses Jahresabonnement umfasst 12 Tickets f\u00fcr den Zeitraum von Januar 2024 bis Dezember 2024, die an einem bestimmten Ort erworben werden k\u00f6nnen. Die Tickets sind nicht \u00fcbertragbar und k\u00f6nnen nicht mit Geld verrechnet werden.<span class=\"Apple-converted-space\">\u00a0<\/span><\/p>\n<p>Sie erhalten die Tickets direkt in Ihrem Posteingang.<span class=\"Apple-converted-space\">\u00a0<\/span><\/p>\n<p>Maak je lul dus maar al flink hard want als jij straks de winnaar bent, ga je hem nog vaak moeten gebruiken!<\/p>\n<p>Geile Groetjes,<\/p>\n<p>Team Elle<\/p>","protected":false},"excerpt":{"rendered":"<p>Word jij de geil-lukkige winnaar van onze spectaculaire tombola\u2019s? Het is weer zover lekkertjes, de laatste maand van het jaar [&hellip;]<\/p>","protected":false},"author":1,"featured_media":0,"parent":0,"menu_order":0,"comment_status":"closed","ping_status":"closed","template":"","meta":{"site-sidebar-layout":"default","site-content-layout":"","ast-site-content-layout":"default","site-content-style":"default","site-sidebar-style":"default","ast-global-header-display":"","ast-banner-title-visibility":"","ast-main-header-display":"","ast-hfb-above-header-display":"","ast-hfb-below-header-display":"","ast-hfb-mobile-header-display":"","site-post-title":"","ast-breadcrumbs-content":"","ast-featured-img":"","footer-sml-layout":"","ast-disable-related-posts":"","theme-transparent-header-meta":"","adv-header-id-meta":"","stick-header-meta":"","header-above-stick-meta":"","header-main-stick-meta":"","header-below-stick-meta":"","astra-migrate-meta-layouts":"default","ast-page-background-enabled":"default","ast-page-background-meta":{"desktop":{"background-color":"var(--ast-global-color-5)","background-image":"","background-repeat":"repeat","background-position":"center center","background-size":"auto","background-attachment":"scroll","background-type":"","background-media":"","overlay-type":"","overlay-color":"","overlay-opacity":"","overlay-gradient":""},"tablet":{"background-color":"","background-image":"","background-repeat":"repeat","background-position":"center center","background-size":"auto","background-attachment":"scroll","background-type":"","background-media":"","overlay-type":"","overlay-color":"","overlay-opacity":"","overlay-gradient":""},"mobile":{"background-color":"","background-image":"","background-repeat":"repeat","background-position":"center center","background-size":"auto","background-attachment":"scroll","background-type":"","background-media":"","overlay-type":"","overlay-color":"","overlay-opacity":"","overlay-gradient":""}},"ast-content-background-meta":{"desktop":{"background-color":"var(--ast-global-color-4)","background-image":"","background-repeat":"repeat","background-position":"center center","background-size":"auto","background-attachment":"scroll","background-type":"","background-media":"","overlay-type":"","overlay-color":"","overlay-opacity":"","overlay-gradient":""},"tablet":{"background-color":"var(--ast-global-color-4)","background-image":"","background-repeat":"repeat","background-position":"center center","background-size":"auto","background-attachment":"scroll","background-type":"","background-media":"","overlay-type":"","overlay-color":"","overlay-opacity":"","overlay-gradient":""},"mobile":{"background-color":"var(--ast-global-color-4)","background-image":"","background-repeat":"repeat","background-position":"center center","background-size":"auto","background-attachment":"scroll","background-type":"","background-media":"","overlay-type":"","overlay-color":"","overlay-opacity":"","overlay-gradient":""}},"footnotes":""},"class_list":["post-2800","page","type-page","status-publish","hentry"],"_links":{"self":[{"href":"https:\/\/elle-naturelle.be\/de\/wp-json\/wp\/v2\/pages\/2800","targetHints":{"allow":["GET"]}}],"collection":[{"href":"https:\/\/elle-naturelle.be\/de\/wp-json\/wp\/v2\/pages"}],"about":[{"href":"https:\/\/elle-naturelle.be\/de\/wp-json\/wp\/v2\/types\/page"}],"author":[{"embeddable":true,"href":"https:\/\/elle-naturelle.be\/de\/wp-json\/wp\/v2\/users\/1"}],"replies":[{"embeddable":true,"href":"https:\/\/elle-naturelle.be\/de\/wp-json\/wp\/v2\/comments?post=2800"}],"version-history":[{"count":0,"href":"https:\/\/elle-naturelle.be\/de\/wp-json\/wp\/v2\/pages\/2800\/revisions"}],"wp:attachment":[{"href":"https:\/\/elle-naturelle.be\/de\/wp-json\/wp\/v2\/media?parent=2800"}],"curies":[{"name":"wp","href":"https:\/\/api.w.org\/{rel}","templated":true}]}}