{"id":1694,"date":"2022-11-17T13:18:50","date_gmt":"2022-11-17T13:18:50","guid":{"rendered":"https:\/\/elle-naturelle.be\/?page_id=1694"},"modified":"2022-11-17T13:18:50","modified_gmt":"2022-11-17T13:18:50","slug":"three-steps-to-writing-a-term-paper","status":"publish","type":"page","link":"https:\/\/elle-naturelle.be\/de\/three-steps-to-writing-a-term-paper\/","title":{"rendered":"Drei Schritte zum Schreiben einer Hausarbeit"},"content":{"rendered":"<\/p>\n<p>Eine Hausarbeit ist in der Regel eine l\u00e4ngere Studienarbeit, die von Studenten \u00fcber ein bestimmtes akademisches Semester geschrieben wird und oft etwa ein Viertel der Gesamtnote ausmacht. Merriam Webster definiert sie einfach als \"eine kurze, einmalige schriftliche Aufgabe zu einem bestimmten Thema\", die m\u00f6glicherweise f\u00fcr den Studienabschluss erforderlich ist. Normalerweise handelt es sich um eine Aufgabe, die in<!--more--> Die Hausarbeit wird im Fr\u00fchjahr eines jeden Jahres erstellt und muss dem Dozenten vor Ende des Semesters vorgelegt werden. Diese Arbeit unterscheidet sich in vielerlei Hinsicht von anderen Aufgaben, unter anderem muss die Hausarbeit in einem organisierten, pr\u00e4zisen und genauen Stil verfasst werden.<\/p>\n<\/p>\n<p>Der erste Schritt beim Verfassen von Hausarbeiten, wie bei allen Forschungsarbeiten, ist die Literatur\u00fcbersicht. Eine Literatur\u00fcbersicht ist lediglich ein \u00dcberblick \u00fcber das Thema, insbesondere <a href=\"https:\/\/corretor-ortografico.com\/\">ortografischer Korretor<\/a> wenn es sich um eine l\u00e4ngere Hausarbeit handelt, die ein breites Spektrum an Themen abdeckt. Diese Literatur\u00fcbersicht findet sich am ehesten im Abschnitt \"Einleitung\", ganz am Anfang der Hausarbeit. Eine Literatur\u00fcbersicht ist \u00e4u\u00dferst wichtig, da sie die Grundlage f\u00fcr die Hausarbeit und alle nachfolgenden Forschungsarbeiten bildet und dem Verfasser die M\u00f6glichkeit gibt, zuvor aufgestellte Theorien zu untermauern.<\/p>\n<\/p>\n<p>Der n\u00e4chste Schritt beim Verfassen einer Hausarbeit ist das Verfassen der Hauptthese oder der zentralen These. Die Hauptthese ist der wichtigste Teil der Arbeit, denn sie bildet den Mittelpunkt der gesamten Arbeit. Alle Hausarbeiten basieren auf der Grundlage ihrer Hauptthese. Deshalb beginnt ein guter Autor seine Arbeit immer mit einer guten These.<\/p>\n<\/p>\n<p>Eine weitere wichtige Aufgabe beim Verfassen von Hausarbeiten ist die Aufbereitung von Informationen und\/oder Statistiken. Die \u00fcberwiegende Mehrheit der Hausarbeiten wird nicht aus der eigenen Perspektive des Verfassers geschrieben, sondern aus der Sicht des Autors. <a href=\"https:\/\/corretor-de-texto.com\/\">Online-Textkorrektur<\/a> des Ausschusses, der die Studienarbeit begutachtet. Das Schreiben von einem unvoreingenommenen Standpunkt aus, sei es aus der Sicht des Verfassers oder aus der Sicht des Gutachters, ist f\u00fcr die Genehmigung und den Fortbestand dieser Forschungsarbeit von wesentlicher Bedeutung. Es ist auch von entscheidender Bedeutung, dass der Verfasser sicherstellt, dass die verwendeten Statistiken und Daten korrekt und zuverl\u00e4ssig sind. Oft wird eine Forschungsarbeit in erster Linie von einem objektiven Standpunkt aus verfasst, aber die Verwendung schlechter Daten oder Statistiken kann diesen Standpunkt (die Perspektive des Autors) schlecht erscheinen lassen. Um dies zu verhindern, muss der Autor zun\u00e4chst solide Daten und Statistiken sammeln, bevor er sie in seinem Text verwendet.<\/p>\n<\/p>\n<p>Die dritte Aufgabe beim Verfassen einer Hausarbeit besteht darin, das Thema der Hausarbeit richtig darzustellen und auch alle Forschungsergebnisse und Daten, die gesammelt und in der Arbeit ber\u00fccksichtigt wurden, richtig zu pr\u00e4sentieren. Wie bereits erw\u00e4hnt, ist es eine fantastische M\u00f6glichkeit, die Einleitung der Hausarbeit zu beginnen, indem man einfach die Einleitung schreibt. An dieser Stelle verlieren viele Hausarbeiten ihre Wirksamkeit, weil sie dazu neigen, die meisten Informationen in einen einzigen Satz zu \"kleben\". Die Einleitung ist die Gelegenheit f\u00fcr den Verfasser, einen guten ersten Eindruck auf den Ausschuss zu machen, der die Arbeit pr\u00fcft.<\/p>\n<\/p>\n<p>Schlie\u00dflich ist der wichtigste Teil jeder Hausarbeit f\u00fcr die \u00dcberpr\u00fcfung der Titelseite und des Inhaltsverzeichnisses. Beide Abschnitte sind ebenso wichtig wie jeder andere, und das bedeutet, dass Sie sicherstellen m\u00fcssen, dass beide in der Schrift enthalten sind. Das Titelblatt enth\u00e4lt die Zusammenfassung oder den Namen der Zeitung, w\u00e4hrend das Inhaltsverzeichnis einen kurzen \u00dcberblick \u00fcber den gesamten Inhalt des Dokuments gibt. Sobald Sie diese 3 grundlegenden Schritte ausgef\u00fchrt haben, k\u00f6nnen Sie die Hausarbeit zur Begutachtung einreichen.<\/p>","protected":false},"excerpt":{"rendered":"<p>A term paper is generally a lengthy study paper written by college students regarding a particular academic term, often accounting [&hellip;]<\/p>","protected":false},"author":1,"featured_media":0,"parent":0,"menu_order":0,"comment_status":"closed","ping_status":"closed","template":"","meta":{"site-sidebar-layout":"default","site-content-layout":"","ast-site-content-layout":"default","site-content-style":"default","site-sidebar-style":"default","ast-global-header-display":"","ast-banner-title-visibility":"","ast-main-header-display":"","ast-hfb-above-header-display":"","ast-hfb-below-header-display":"","ast-hfb-mobile-header-display":"","site-post-title":"","ast-breadcrumbs-content":"","ast-featured-img":"","footer-sml-layout":"","ast-disable-related-posts":"","theme-transparent-header-meta":"","adv-header-id-meta":"","stick-header-meta":"","header-above-stick-meta":"","header-main-stick-meta":"","header-below-stick-meta":"","astra-migrate-meta-layouts":"default","ast-page-background-enabled":"default","ast-page-background-meta":{"desktop":{"background-color":"var(--ast-global-color-5)","background-image":"","background-repeat":"repeat","background-position":"center center","background-size":"auto","background-attachment":"scroll","background-type":"","background-media":"","overlay-type":"","overlay-color":"","overlay-opacity":"","overlay-gradient":""},"tablet":{"background-color":"","background-image":"","background-repeat":"repeat","background-position":"center center","background-size":"auto","background-attachment":"scroll","background-type":"","background-media":"","overlay-type":"","overlay-color":"","overlay-opacity":"","overlay-gradient":""},"mobile":{"background-color":"","background-image":"","background-repeat":"repeat","background-position":"center center","background-size":"auto","background-attachment":"scroll","background-type":"","background-media":"","overlay-type":"","overlay-color":"","overlay-opacity":"","overlay-gradient":""}},"ast-content-background-meta":{"desktop":{"background-color":"var(--ast-global-color-4)","background-image":"","background-repeat":"repeat","background-position":"center center","background-size":"auto","background-attachment":"scroll","background-type":"","background-media":"","overlay-type":"","overlay-color":"","overlay-opacity":"","overlay-gradient":""},"tablet":{"background-color":"var(--ast-global-color-4)","background-image":"","background-repeat":"repeat","background-position":"center center","background-size":"auto","background-attachment":"scroll","background-type":"","background-media":"","overlay-type":"","overlay-color":"","overlay-opacity":"","overlay-gradient":""},"mobile":{"background-color":"var(--ast-global-color-4)","background-image":"","background-repeat":"repeat","background-position":"center center","background-size":"auto","background-attachment":"scroll","background-type":"","background-media":"","overlay-type":"","overlay-color":"","overlay-opacity":"","overlay-gradient":""}},"footnotes":""},"class_list":["post-1694","page","type-page","status-publish","hentry"],"_links":{"self":[{"href":"https:\/\/elle-naturelle.be\/de\/wp-json\/wp\/v2\/pages\/1694","targetHints":{"allow":["GET"]}}],"collection":[{"href":"https:\/\/elle-naturelle.be\/de\/wp-json\/wp\/v2\/pages"}],"about":[{"href":"https:\/\/elle-naturelle.be\/de\/wp-json\/wp\/v2\/types\/page"}],"author":[{"embeddable":true,"href":"https:\/\/elle-naturelle.be\/de\/wp-json\/wp\/v2\/users\/1"}],"replies":[{"embeddable":true,"href":"https:\/\/elle-naturelle.be\/de\/wp-json\/wp\/v2\/comments?post=1694"}],"version-history":[{"count":0,"href":"https:\/\/elle-naturelle.be\/de\/wp-json\/wp\/v2\/pages\/1694\/revisions"}],"wp:attachment":[{"href":"https:\/\/elle-naturelle.be\/de\/wp-json\/wp\/v2\/media?parent=1694"}],"curies":[{"name":"wp","href":"https:\/\/api.w.org\/{rel}","templated":true}]}}