{"id":1625,"date":"2022-10-30T00:20:58","date_gmt":"2022-10-30T00:20:58","guid":{"rendered":"https:\/\/elle-naturelle.be\/?page_id=1625"},"modified":"2022-10-30T00:20:58","modified_gmt":"2022-10-30T00:20:58","slug":"when-does-it-make-sense-to-use-an-online-college-paper-writing-service","status":"publish","type":"page","link":"https:\/\/elle-naturelle.be\/de\/when-does-it-make-sense-to-use-an-online-college-paper-writing-service\/","title":{"rendered":"Wann ist es sinnvoll, einen Online-Schreibservice f\u00fcr Hochschularbeiten zu nutzen? <\/p>"},"content":{"rendered":"<p><p>Egal, ob Sie eine Schularbeit oder ein juristisches Gutachten f\u00fcr einen Kunden zu schreiben haben, ein Internet-Schreibservice f\u00fcr Schularbeiten ist eine ausgezeichnete Idee. Die Internetdienste arbeiten im Allgemeinen mehr <a href=\"https:\/\/corretor-de-texto.com\/\">Textkorrespondent<\/a> wie Autoren im Vergleich zu Ihrem normalen Website- oder Inhaltsanbieter. Ihr einziger Fokus liegt immer auf<!--more--> Erstellung hochwertiger Dokumente.<\/p>\n<\/p>\n<p>Viele dieser L\u00f6sungen sind im ersten Monat kostenlos, danach wird jeden Monat eine bestimmte Geb\u00fchr erhoben. Diese Kosten lohnen sich in der Regel wegen der Qualit\u00e4t der Arbeit und der Zeit, die Sie dadurch sparen.<\/p>\n<\/p>\n<p>Eines der ersten Dinge, die Sie einen Internet-Schreibservice fragen m\u00fcssen, ist die Art und Weise, wie er Ihre Unterlagen erstellen will. Sie sollten in der Lage sein, diese Frage mit Zuversicht zu beantworten, da sie ihre Kunden zufriedenstellen wollen, indem sie genau das liefern, was sie verlangt haben.<\/p>\n<\/p>\n<p>Da ein Internet-Schreibservice f\u00fcr Hochschulschriften mit Autoren arbeitet, sollten diese auch in der Lage sein, Artikel von angemessener L\u00e4nge zu verfassen. Dazu k\u00f6nnen Forschungs- und Verbraucherleitf\u00e4den geh\u00f6ren, <a href=\"https:\/\/corretor-ortografico.com\/\">corretor ortografico online<\/a> die Art der Arbeiten, die Sie von Ihrer Anwaltskanzlei erwarten k\u00f6nnen. Professionelle Autoren arbeiten wirklich gerne mit Kunden, die ihre Bed\u00fcrfnisse erf\u00fcllen k\u00f6nnen.<\/p>\n<\/p>\n<p>Ein Autor, der ein Experte auf seinem Gebiet ist, sollte auch wissen, wie man Korrektur liest und richtig schreibt und die richtige Zeichensetzung beherrscht. Das ist wichtig, wenn Sie jemanden beauftragt haben, einen Aufsatz f\u00fcr Sie zu verfassen. Sie wollen sichergehen, dass Ihr Aufsatz rechtzeitig zu Ihrem Abgabetermin geliefert wird.<\/p>\n<\/p>\n<p>Es gibt verschiedene M\u00f6glichkeiten, einen Schreibservice f\u00fcr College-Arbeiten zu beauftragen, aber vielleicht finden Sie die ideale L\u00f6sung \u00fcber einen Internetdienst, der Sie mit ein paar hundert Autoren gleichzeitig in Verbindung bringt. Auf diese Weise k\u00f6nnen Sie die Kosten vergleichen und Ihren ausgew\u00e4hlten Autoren Optionen anbieten, so dass Sie einfach und schnell die letzte Entscheidung treffen k\u00f6nnen.<\/p>\n<\/p>\n<p>Neben dem Kostenvergleich sollten Sie auch pr\u00fcfen, wie lange das Unternehmen bereits besteht. W\u00e4hrend manche Leute glauben, dass Mundpropaganda eine der besten Marketingmethoden ist, die es gibt, haben andere sie genutzt, um ihre Waren effektiv zu vermarkten, und verstehen daher, dass es sich lohnt, Autoren direkt zu verwalten.<\/p>\n<\/p>\n<p>Die meisten Menschen sind gerne bereit, das Geld f\u00fcr eine fantastische Arbeit auszugeben, aber wenn man an die Gesamtkosten f\u00fcr die Erstellung einer fantastischen Arbeit denkt, muss man sicherstellen, dass man eine qualitativ hochwertige Arbeit erh\u00e4lt, die beim ersten Mal richtig gemacht wird. Durch den Einsatz eines Internet-Schularbeiten schreiben Unterst\u00fctzung, k\u00f6nnen Sie die kostspieligen Fehler, die aus der Bewegung mit einem freien Schriftsteller kommen kann, stattdessen k\u00f6nnen Sie sparen Sie Zeit und Geld und sichern Sie Ihre Qualit\u00e4t Ergebnisse.<\/p>","protected":false},"excerpt":{"rendered":"<p>Whether you&#8217;ve got a school paper due or a legal report because of a customer, an internet school paper writing [&hellip;]<\/p>","protected":false},"author":1,"featured_media":0,"parent":0,"menu_order":0,"comment_status":"closed","ping_status":"closed","template":"","meta":{"site-sidebar-layout":"default","site-content-layout":"","ast-site-content-layout":"default","site-content-style":"default","site-sidebar-style":"default","ast-global-header-display":"","ast-banner-title-visibility":"","ast-main-header-display":"","ast-hfb-above-header-display":"","ast-hfb-below-header-display":"","ast-hfb-mobile-header-display":"","site-post-title":"","ast-breadcrumbs-content":"","ast-featured-img":"","footer-sml-layout":"","ast-disable-related-posts":"","theme-transparent-header-meta":"","adv-header-id-meta":"","stick-header-meta":"","header-above-stick-meta":"","header-main-stick-meta":"","header-below-stick-meta":"","astra-migrate-meta-layouts":"default","ast-page-background-enabled":"default","ast-page-background-meta":{"desktop":{"background-color":"var(--ast-global-color-5)","background-image":"","background-repeat":"repeat","background-position":"center center","background-size":"auto","background-attachment":"scroll","background-type":"","background-media":"","overlay-type":"","overlay-color":"","overlay-opacity":"","overlay-gradient":""},"tablet":{"background-color":"","background-image":"","background-repeat":"repeat","background-position":"center center","background-size":"auto","background-attachment":"scroll","background-type":"","background-media":"","overlay-type":"","overlay-color":"","overlay-opacity":"","overlay-gradient":""},"mobile":{"background-color":"","background-image":"","background-repeat":"repeat","background-position":"center center","background-size":"auto","background-attachment":"scroll","background-type":"","background-media":"","overlay-type":"","overlay-color":"","overlay-opacity":"","overlay-gradient":""}},"ast-content-background-meta":{"desktop":{"background-color":"var(--ast-global-color-4)","background-image":"","background-repeat":"repeat","background-position":"center center","background-size":"auto","background-attachment":"scroll","background-type":"","background-media":"","overlay-type":"","overlay-color":"","overlay-opacity":"","overlay-gradient":""},"tablet":{"background-color":"var(--ast-global-color-4)","background-image":"","background-repeat":"repeat","background-position":"center center","background-size":"auto","background-attachment":"scroll","background-type":"","background-media":"","overlay-type":"","overlay-color":"","overlay-opacity":"","overlay-gradient":""},"mobile":{"background-color":"var(--ast-global-color-4)","background-image":"","background-repeat":"repeat","background-position":"center center","background-size":"auto","background-attachment":"scroll","background-type":"","background-media":"","overlay-type":"","overlay-color":"","overlay-opacity":"","overlay-gradient":""}},"footnotes":""},"class_list":["post-1625","page","type-page","status-publish","hentry"],"_links":{"self":[{"href":"https:\/\/elle-naturelle.be\/de\/wp-json\/wp\/v2\/pages\/1625","targetHints":{"allow":["GET"]}}],"collection":[{"href":"https:\/\/elle-naturelle.be\/de\/wp-json\/wp\/v2\/pages"}],"about":[{"href":"https:\/\/elle-naturelle.be\/de\/wp-json\/wp\/v2\/types\/page"}],"author":[{"embeddable":true,"href":"https:\/\/elle-naturelle.be\/de\/wp-json\/wp\/v2\/users\/1"}],"replies":[{"embeddable":true,"href":"https:\/\/elle-naturelle.be\/de\/wp-json\/wp\/v2\/comments?post=1625"}],"version-history":[{"count":0,"href":"https:\/\/elle-naturelle.be\/de\/wp-json\/wp\/v2\/pages\/1625\/revisions"}],"wp:attachment":[{"href":"https:\/\/elle-naturelle.be\/de\/wp-json\/wp\/v2\/media?parent=1625"}],"curies":[{"name":"wp","href":"https:\/\/api.w.org\/{rel}","templated":true}]}}