{"id":1619,"date":"2022-10-28T21:48:44","date_gmt":"2022-10-28T21:48:44","guid":{"rendered":"https:\/\/elle-naturelle.be\/?page_id=1619"},"modified":"2022-10-28T21:48:44","modified_gmt":"2022-10-28T21:48:44","slug":"why-students-shouldnt-be-afraid-to-write-my-essay-for-me","status":"publish","type":"page","link":"https:\/\/elle-naturelle.be\/de\/why-students-shouldnt-be-afraid-to-write-my-essay-for-me\/","title":{"rendered":"Warum Sch\u00fcler keine Angst davor haben sollten, meinen Aufsatz f\u00fcr mich zu schreiben"},"content":{"rendered":"<\/p>\n<p>Wie viele von Ihnen wurden schon einmal von einem College oder einer Schule gebeten, einen Aufsatz f\u00fcr mich zu schreiben? Wenn das so ist, ist es nicht ungew\u00f6hnlich, dass Sie etwas verwirrt sind und nicht wissen, was Sie tun sollen. Um es dem <a href=\"https:\/\/grammarchecker.top\/spell-check\">beste Website-Rechtschreibpr\u00fcfung<\/a> In Wahrheit ist es gar nicht so schwer zu verfassen und man braucht keine besonderen<!--more--> Schreibtalente. Tats\u00e4chlich k\u00f6nnen auch Menschen, die nicht \u00fcber solche Talente verf\u00fcgen, einen hervorragenden Aufsatz schreiben. Alles, was sie tun m\u00fcssen, ist zu planen, zu ordnen und ihre Gedanken in eine schriftliche Form zu bringen. Die Frage des Aufsatzes oder die Aufgabe kann auf verschiedene Weise gel\u00f6st werden, wenn der Autor wei\u00df, wie er die Dinge vorher planen muss.<\/p>\n<\/p>\n<p>Beginnen wir mit der grunds\u00e4tzlichen Frage oder Schwierigkeit, die Sie vielleicht haben, wenn Sie gebeten werden, einen Aufsatz f\u00fcr mich zu schreiben. Eine der h\u00e4ufigsten Schwierigkeiten, auf die Autoren sto\u00dfen, wenn sie einen solchen Aufsatz schreiben sollen, besteht darin, dass sie ein bestimmtes Thema aus einer gro\u00dfen Auswahl von Themen ausw\u00e4hlen m\u00fcssen. Noch schwieriger wird die Situation, wenn der Verfasser keine strenge Frist f\u00fcr die Fertigstellung des Projekts hat und bestimmte Anforderungen erf\u00fcllen muss. In einem solchen Fall besteht die \u00fcbliche Vorgehensweise darin, das Thema ein wenig zu recherchieren, alle notwendigen Informationen zu sammeln und einen groben Entwurf zur \u00dcberpr\u00fcfung vorzubereiten.<\/p>\n<\/p>\n<p>Schauen wir uns nun einige Situationen an, in denen die Sch\u00fcler gebeten werden k\u00f6nnten, eine kritische Rezension \u00fcber den Artikel oder die Dienstleistung eines Unternehmens zu schreiben. Wenn der Kunde z. B. eine Lebensmittelkette oder eine Fluggesellschaft bewertet, wird sich die Rezension normalerweise auf Aspekte beziehen, die die meisten Menschen positiv finden w\u00fcrden. Es kann aber auch vorkommen, dass sich die Rezension auf die M\u00e4ngel der fraglichen Dienstleistungen konzentriert. In diesem Fall muss der Verfasser sorgf\u00e4ltig \u00fcber die Konsequenzen seiner Sichtweise nachdenken und dann einen ausf\u00fchrlichen Aufsatz verfassen, der sich auf alle positiven Aspekte des Anbieters konzentriert.<\/p>\n<\/p>\n<p>Es gibt F\u00e4lle, in denen die Person, die die Aufs\u00e4tze schreibt, Fristen einhalten muss, und das erfordert auch ein wenig organisatorische F\u00e4higkeiten. Manche Sch\u00fcler versuchen, mehr als einen Aufsatz f\u00fcr ihre eigene Aufgabe zu verfassen. Eine solche Angewohnheit kann zu einer Menge zus\u00e4tzlicher Arbeit f\u00fchren und sogar dazu, dass sie nur sehr wenig oder gar nichts schreiben. Deshalb ist es am besten, f\u00fcr jede Arbeit eine angemessene Frist zu setzen. <a href=\"https:\/\/grammar-check.top\/vn\/\">Grammatikpr\u00fcfer und -korrektor<\/a> Aufgabe. Es ist immer besser, eine strenge Frist zu haben, als zu viele Fristen zu haben.<\/p>\n<\/p>\n<p>Ein weiteres entscheidendes Element f\u00fcr einen guten Aufsatzschreiber ist seine Beherrschung der englischen Sprache. Der Aufsatz sollte kein W\u00f6rterbuch, keinen Sprachf\u00fchrer und keine anderen sprachlichen Hilfsmittel verwenden, die nicht zum Thema des Aufsatzes geh\u00f6ren. Die meisten Unternehmen verlangen, dass der Sch\u00fcler einen letzten Entwurf des Aufsatzes vorlegt, der in Design, Sprache und Grammatik korrekt ist. Wenn der Sch\u00fcler nicht in der Lage ist, einen Aufsatz mit diesen Merkmalen zu schreiben, sind die Chancen, dass das Unternehmen dem Aufsatzautor einen guten Job anbietet, gering.<\/p>\n<\/p>\n<p>Schlie\u00dflich muss jeder Sch\u00fcler einen eigenen Schreibstil und ein Muster f\u00fcr die Erledigung von Auftr\u00e4gen entwickeln. Dies wird ihnen helfen, einen exzellenten Schreibstil zu entwickeln, der ihnen im Laufe ihres Lebens helfen kann. Aufsatzschreiber m\u00fcssen sich beim Schreiben auf ihr Thema konzentrieren und eine logische Abfolge von Abs\u00e4tzen einhalten, die frei von grammatikalischen Fehlern, sich wiederholenden Aussagen und offensichtlichen Schreibfehlern ist. Ein gr\u00fcndliches Verst\u00e4ndnis der Satzstruktur ist ebenfalls wichtig. Wenn in einem Aufsatz beispielsweise die Vorteile des Wettbewerbsverbots er\u00f6rtert werden sollen, sollte der Verfasser sicherstellen, dass er klar und deutlich darlegt, wie beide Seiten von dieser Politik profitieren.<\/p>","protected":false},"excerpt":{"rendered":"<p>How a lot of you have been requested by a college or school to write my essay for me? If [&hellip;]<\/p>","protected":false},"author":1,"featured_media":0,"parent":0,"menu_order":0,"comment_status":"closed","ping_status":"closed","template":"","meta":{"site-sidebar-layout":"default","site-content-layout":"","ast-site-content-layout":"default","site-content-style":"default","site-sidebar-style":"default","ast-global-header-display":"","ast-banner-title-visibility":"","ast-main-header-display":"","ast-hfb-above-header-display":"","ast-hfb-below-header-display":"","ast-hfb-mobile-header-display":"","site-post-title":"","ast-breadcrumbs-content":"","ast-featured-img":"","footer-sml-layout":"","ast-disable-related-posts":"","theme-transparent-header-meta":"","adv-header-id-meta":"","stick-header-meta":"","header-above-stick-meta":"","header-main-stick-meta":"","header-below-stick-meta":"","astra-migrate-meta-layouts":"default","ast-page-background-enabled":"default","ast-page-background-meta":{"desktop":{"background-color":"var(--ast-global-color-5)","background-image":"","background-repeat":"repeat","background-position":"center center","background-size":"auto","background-attachment":"scroll","background-type":"","background-media":"","overlay-type":"","overlay-color":"","overlay-opacity":"","overlay-gradient":""},"tablet":{"background-color":"","background-image":"","background-repeat":"repeat","background-position":"center center","background-size":"auto","background-attachment":"scroll","background-type":"","background-media":"","overlay-type":"","overlay-color":"","overlay-opacity":"","overlay-gradient":""},"mobile":{"background-color":"","background-image":"","background-repeat":"repeat","background-position":"center center","background-size":"auto","background-attachment":"scroll","background-type":"","background-media":"","overlay-type":"","overlay-color":"","overlay-opacity":"","overlay-gradient":""}},"ast-content-background-meta":{"desktop":{"background-color":"var(--ast-global-color-4)","background-image":"","background-repeat":"repeat","background-position":"center center","background-size":"auto","background-attachment":"scroll","background-type":"","background-media":"","overlay-type":"","overlay-color":"","overlay-opacity":"","overlay-gradient":""},"tablet":{"background-color":"var(--ast-global-color-4)","background-image":"","background-repeat":"repeat","background-position":"center center","background-size":"auto","background-attachment":"scroll","background-type":"","background-media":"","overlay-type":"","overlay-color":"","overlay-opacity":"","overlay-gradient":""},"mobile":{"background-color":"var(--ast-global-color-4)","background-image":"","background-repeat":"repeat","background-position":"center center","background-size":"auto","background-attachment":"scroll","background-type":"","background-media":"","overlay-type":"","overlay-color":"","overlay-opacity":"","overlay-gradient":""}},"footnotes":""},"class_list":["post-1619","page","type-page","status-publish","hentry"],"_links":{"self":[{"href":"https:\/\/elle-naturelle.be\/de\/wp-json\/wp\/v2\/pages\/1619","targetHints":{"allow":["GET"]}}],"collection":[{"href":"https:\/\/elle-naturelle.be\/de\/wp-json\/wp\/v2\/pages"}],"about":[{"href":"https:\/\/elle-naturelle.be\/de\/wp-json\/wp\/v2\/types\/page"}],"author":[{"embeddable":true,"href":"https:\/\/elle-naturelle.be\/de\/wp-json\/wp\/v2\/users\/1"}],"replies":[{"embeddable":true,"href":"https:\/\/elle-naturelle.be\/de\/wp-json\/wp\/v2\/comments?post=1619"}],"version-history":[{"count":0,"href":"https:\/\/elle-naturelle.be\/de\/wp-json\/wp\/v2\/pages\/1619\/revisions"}],"wp:attachment":[{"href":"https:\/\/elle-naturelle.be\/de\/wp-json\/wp\/v2\/media?parent=1619"}],"curies":[{"name":"wp","href":"https:\/\/api.w.org\/{rel}","templated":true}]}}