{"id":1155,"date":"2021-12-23T01:08:00","date_gmt":"2021-12-23T01:08:00","guid":{"rendered":"https:\/\/elle-naturelle.be\/?page_id=1155"},"modified":"2025-04-17T01:34:54","modified_gmt":"2025-04-16T23:34:54","slug":"cookiebeleid","status":"publish","type":"page","link":"https:\/\/elle-naturelle.be\/de\/cookiebeleid\/","title":{"rendered":"Cookiebeleid"},"content":{"rendered":"<div data-elementor-type=\"wp-page\" data-elementor-id=\"1155\" class=\"elementor elementor-1155\" data-elementor-post-type=\"page\">\n\t\t\t\t<div class=\"elementor-element elementor-element-4139fffd e-flex e-con-boxed e-con e-parent\" data-id=\"4139fffd\" data-element_type=\"container\" data-e-type=\"container\">\n\t\t\t\t\t<div class=\"e-con-inner\">\n\t\t\t\t<div class=\"elementor-element elementor-element-3451ea3a elementor-widget elementor-widget-text-editor\" data-id=\"3451ea3a\" data-element_type=\"widget\" data-e-type=\"widget\" data-widget_type=\"text-editor.default\">\n\t\t\t\t<div class=\"elementor-widget-container\">\n\t\t\t\t\t\t\t\t\t<h1><strong>Cookie-Richtlinie f\u00fcr Elle-Naturelle<\/strong><\/h1><p><em>Zuletzt aktualisiert: Februar 4, 2025<\/em><\/p><p>Dies ist die Cookie-Richtlinie f\u00fcr\u00a0<strong>Elle-Naturelle<\/strong>, erreichbar unter\u00a0<strong>https:\/\/elle-naturelle.be<\/strong>.<\/p><h4><strong>Was sind Cookies?<\/strong><\/h4><p>Wie bei fast allen professionellen Websites \u00fcblich, verwendet diese Website\u00a0<strong>Cookies<\/strong>-kleine Dateien, die auf Ihren Computer heruntergeladen werden, um Ihr Erlebnis zu verbessern. Auf dieser Seite wird erkl\u00e4rt, welche Informationen sie sammeln, wie wir sie verwenden und warum wir diese Cookies manchmal speichern m\u00fcssen. Wir teilen Ihnen auch mit, wie Sie die Speicherung von Cookies verhindern k\u00f6nnen, auch wenn dadurch bestimmte Elemente der Website-Funktionalit\u00e4t beeintr\u00e4chtigt werden k\u00f6nnen.<\/p><p>Weitere allgemeine Informationen \u00fcber Cookies finden Sie im Wikipedia-Artikel \u00fcber\u00a0<a href=\"https:\/\/en.wikipedia.org\/wiki\/HTTP_cookie\" target=\"_blank\" rel=\"noopener noreferrer\">HTTP-Cookies<\/a>.<\/p><h4><strong>Wie wir Cookies verwenden<\/strong><\/h4><p>Wir verwenden Cookies aus verschiedenen Gr\u00fcnden, die im Folgenden erl\u00e4utert werden. Leider gibt es in den meisten F\u00e4llen keine dem Industriestandard entsprechenden M\u00f6glichkeiten, Cookies zu deaktivieren, ohne die Funktionen und Merkmale, die sie dieser Website hinzuf\u00fcgen, vollst\u00e4ndig zu deaktivieren. Wir empfehlen, alle Cookies aktiviert zu lassen, wenn Sie sich nicht sicher sind, ob Sie sie ben\u00f6tigen, insbesondere wenn sie f\u00fcr die Bereitstellung eines Dienstes verwendet werden, auf den Sie sich verlassen.<\/p><h4><strong>Deaktivieren von Cookies<\/strong><\/h4><p>Sie k\u00f6nnen das Setzen von Cookies verhindern, indem Sie die Einstellungen Ihres Browsers anpassen (Anweisungen dazu finden Sie in der Hilfe Ihres Browsers). Beachten Sie, dass die Deaktivierung von Cookies die Funktionalit\u00e4t dieser und vieler anderer Websites, die Sie besuchen, beeintr\u00e4chtigen wird. Die Deaktivierung von Cookies hat in der Regel zur Folge, dass bestimmte Merkmale und Funktionen dieser Website nicht mehr verf\u00fcgbar sind. Wir empfehlen daher\u00a0<strong>Cookies nicht zu deaktivieren<\/strong>.<\/p><h4><strong>Die von uns gesetzten Cookies<\/strong><\/h4><ol start=\"1\"><li><p><strong>Konto-bezogene Cookies<\/strong><br \/>Wenn Sie ein Konto bei uns erstellen, verwenden wir Cookies, um den Registrierungsprozess und die allgemeine Verwaltung zu verwalten. Diese Cookies werden in der Regel gel\u00f6scht, wenn Sie sich abmelden. In einigen F\u00e4llen k\u00f6nnen sie jedoch verbleiben, um Ihre Website-Einstellungen zu speichern, wenn Sie abgemeldet sind.<\/p><\/li><li><p><strong>Cookies von Drittanbietern<\/strong><br \/>In einigen F\u00e4llen verwenden wir auch Cookies, die von vertrauensw\u00fcrdigen Drittanbietern bereitgestellt werden. Im folgenden Abschnitt erfahren Sie, welche Cookies von Drittanbietern Sie auf dieser Website finden k\u00f6nnen.<\/p><ul><li><p><strong>Analyse-Cookies<\/strong>: Drittanbieter-Analysen werden verwendet, um die Nutzung der Website zu verfolgen und zu messen, damit wir weiterhin ansprechende Inhalte produzieren k\u00f6nnen. Diese Cookies k\u00f6nnen Daten wie die Verweildauer auf der Website oder die besuchten Seiten erfassen und uns helfen, Ihre Erfahrungen zu verbessern.<\/p><\/li><\/ul><\/li><\/ol><h4><strong>Mehr Informationen<\/strong><\/h4><p>Wir hoffen, dass dies die Dinge kl\u00e4rt. Wie bereits erw\u00e4hnt, ist es in der Regel sicherer, Cookies aktiviert zu lassen, wenn Sie sich nicht sicher sind, ob Sie ein Cookie ben\u00f6tigen, f\u00fcr den Fall, dass sie mit Funktionen interagieren, die Sie auf unserer Website nutzen.<\/p><p>Diese Cookie-Richtlinie wurde mit der Hilfe von\u00a0<a href=\"https:\/\/www.cookiepolicygenerator.com\/\" target=\"_blank\" rel=\"noopener noreferrer\">CookiePolicyGenerator.com<\/a>.<\/p><p>Wenn Sie noch weitere Informationen ben\u00f6tigen, kontaktieren Sie uns bitte \u00fcber unsere bevorzugte Methode:<br \/><strong>E-Mail<\/strong>:\u00a0<a href=\"https:\/\/mailto:hello@donnykingmedia.be\/\" target=\"_blank\" rel=\"noopener noreferrer\">hello@donnykingmedia.be<\/a><\/p>\t\t\t\t\t\t\t\t<\/div>\n\t\t\t\t<\/div>\n\t\t\t\t\t<\/div>\n\t\t\t\t<\/div>\n\t\t\t\t<\/div>","protected":false},"excerpt":{"rendered":"<p>Cookie Policy for Elle-Naturelle Last updated: February 4, 2025 This is the Cookie Policy for\u00a0Elle-Naturelle, accessible at\u00a0https:\/\/elle-naturelle.be. What Are Cookies? [&hellip;]<\/p>","protected":false},"author":1,"featured_media":0,"parent":0,"menu_order":0,"comment_status":"closed","ping_status":"closed","template":"","meta":{"site-sidebar-layout":"default","site-content-layout":"","ast-site-content-layout":"default","site-content-style":"default","site-sidebar-style":"default","ast-global-header-display":"","ast-banner-title-visibility":"","ast-main-header-display":"","ast-hfb-above-header-display":"","ast-hfb-below-header-display":"","ast-hfb-mobile-header-display":"","site-post-title":"","ast-breadcrumbs-content":"","ast-featured-img":"","footer-sml-layout":"","ast-disable-related-posts":"","theme-transparent-header-meta":"","adv-header-id-meta":"","stick-header-meta":"","header-above-stick-meta":"","header-main-stick-meta":"","header-below-stick-meta":"","astra-migrate-meta-layouts":"default","ast-page-background-enabled":"default","ast-page-background-meta":{"desktop":{"background-color":"var(--ast-global-color-5)","background-image":"","background-repeat":"repeat","background-position":"center center","background-size":"auto","background-attachment":"scroll","background-type":"","background-media":"","overlay-type":"","overlay-color":"","overlay-opacity":"","overlay-gradient":""},"tablet":{"background-color":"","background-image":"","background-repeat":"repeat","background-position":"center center","background-size":"auto","background-attachment":"scroll","background-type":"","background-media":"","overlay-type":"","overlay-color":"","overlay-opacity":"","overlay-gradient":""},"mobile":{"background-color":"","background-image":"","background-repeat":"repeat","background-position":"center center","background-size":"auto","background-attachment":"scroll","background-type":"","background-media":"","overlay-type":"","overlay-color":"","overlay-opacity":"","overlay-gradient":""}},"ast-content-background-meta":{"desktop":{"background-color":"var(--ast-global-color-4)","background-image":"","background-repeat":"repeat","background-position":"center center","background-size":"auto","background-attachment":"scroll","background-type":"","background-media":"","overlay-type":"","overlay-color":"","overlay-opacity":"","overlay-gradient":""},"tablet":{"background-color":"var(--ast-global-color-4)","background-image":"","background-repeat":"repeat","background-position":"center center","background-size":"auto","background-attachment":"scroll","background-type":"","background-media":"","overlay-type":"","overlay-color":"","overlay-opacity":"","overlay-gradient":""},"mobile":{"background-color":"var(--ast-global-color-4)","background-image":"","background-repeat":"repeat","background-position":"center center","background-size":"auto","background-attachment":"scroll","background-type":"","background-media":"","overlay-type":"","overlay-color":"","overlay-opacity":"","overlay-gradient":""}},"footnotes":""},"class_list":["post-1155","page","type-page","status-publish","hentry"],"_links":{"self":[{"href":"https:\/\/elle-naturelle.be\/de\/wp-json\/wp\/v2\/pages\/1155","targetHints":{"allow":["GET"]}}],"collection":[{"href":"https:\/\/elle-naturelle.be\/de\/wp-json\/wp\/v2\/pages"}],"about":[{"href":"https:\/\/elle-naturelle.be\/de\/wp-json\/wp\/v2\/types\/page"}],"author":[{"embeddable":true,"href":"https:\/\/elle-naturelle.be\/de\/wp-json\/wp\/v2\/users\/1"}],"replies":[{"embeddable":true,"href":"https:\/\/elle-naturelle.be\/de\/wp-json\/wp\/v2\/comments?post=1155"}],"version-history":[{"count":0,"href":"https:\/\/elle-naturelle.be\/de\/wp-json\/wp\/v2\/pages\/1155\/revisions"}],"wp:attachment":[{"href":"https:\/\/elle-naturelle.be\/de\/wp-json\/wp\/v2\/media?parent=1155"}],"curies":[{"name":"wp","href":"https:\/\/api.w.org\/{rel}","templated":true}]}}