{"id":1074,"date":"2021-12-13T09:30:08","date_gmt":"2021-12-13T09:30:08","guid":{"rendered":"https:\/\/elle-naturelle.be\/?page_id=1074"},"modified":"2025-04-17T00:59:40","modified_gmt":"2025-04-16T22:59:40","slug":"terms-and-conditions","status":"publish","type":"page","link":"https:\/\/elle-naturelle.be\/de\/terms-and-conditions\/","title":{"rendered":"Alle Warengruppen"},"content":{"rendered":"<div data-elementor-type=\"wp-page\" data-elementor-id=\"1074\" class=\"elementor elementor-1074\" data-elementor-post-type=\"page\">\n\t\t\t\t<div class=\"elementor-element elementor-element-15f24082 e-con-full e-flex e-con e-parent\" data-id=\"15f24082\" data-element_type=\"container\" data-e-type=\"container\" data-settings=\"{&quot;background_background&quot;:&quot;classic&quot;}\">\n\t\t\t\t<div class=\"elementor-element elementor-element-7d544a26 elementor-widget elementor-widget-text-editor\" data-id=\"7d544a26\" data-element_type=\"widget\" data-e-type=\"widget\" data-widget_type=\"text-editor.default\">\n\t\t\t\t<div class=\"elementor-widget-container\">\n\t\t\t\t\t\t\t\t\t<h1><strong>Bedingungen und Konditionen - Elle-Naturelle.be<\/strong><\/h1><p><em>Zuletzt aktualisiert: Februar 4, 2025<\/em><\/p><h2><strong>Inhalts\u00fcbersicht<\/strong><\/h2><ol><li>Allgemeine Bestimmungen<\/li><li>Teilnahmebedingungen<\/li><li>Haftung<\/li><li>Anmeldung und Stornierung<\/li><li>G\u00e4stebuch-Politik<\/li><li>Privatsph\u00e4re und Datenschutz<\/li><li>Ticketverkauf und R\u00fcckerstattung<\/li><li>Einsatz von Medien<\/li><li>Anwendbares Recht und Rechtsstreitigkeiten<\/li><\/ol><h2><strong>1. Allgemeine Bestimmungen<\/strong><\/h2><p>1.1 Diese Allgemeinen Gesch\u00e4ftsbedingungen gelten f\u00fcr alle Veranstaltungen, die von <strong>Donder &amp; Bliksem B.V.<\/strong>die unter dem Namen <strong>Elle-Naturelle.be<\/strong>.<\/p><p>1.2 Durch die Teilnahme an unseren Veranstaltungen und\/oder die Nutzung unserer Website erkl\u00e4ren Sie sich mit diesen Bedingungen einverstanden.<\/p><p>1.3 Elle-Naturelle.be beh\u00e4lt sich das Recht vor <strong>die Einreise ohne Angabe von Gr\u00fcnden zu verweigern<\/strong>.<\/p><p>1.4 <strong>Aggression, Rassismus oder unangemessenes Verhalten werden nicht geduldet.<\/strong> und wird dazu f\u00fchren, dass <strong>sofortiges Verlassen des Veranstaltungsortes ohne R\u00fcckerstattung<\/strong>.<\/p><p>1.5 <strong>Mit der Anmeldung zu einer Veranstaltung oder dem Kauf einer Eintrittskarte akzeptieren Sie automatisch diese Bedingungen und Konditionen.<\/strong><\/p><h2><strong>2. Teilnahmebedingungen<\/strong><\/h2><p>2.1 Unsere Veranstaltungen sind <strong>ausschlie\u00dflich f\u00fcr Personen ab 18 Jahren<\/strong>.<\/p><p>2.2 Alle teilnehmenden Frauen sind <strong>vollj\u00e4hrig sind und sich freiwillig und selbst\u00e4ndig beteiligen<\/strong>ob Sie allein oder zu zweit teilnehmen.<\/p><p>2.3 <strong>Unsere Veranstaltungen sind kondomfrei<\/strong>Die Teilnehmer k\u00f6nnen w\u00e4hlen, ob sie sich sch\u00fctzen wollen oder nicht.<\/p><p>2.4 Die Teilnahme ist <strong>nur mit einem g\u00fcltigen HIV- und Syphilis-Test erlaubt<\/strong>. Ohne Nachweis ist die Einreise nicht gestattet.<\/p><p>2.5 Wir <strong>empfehlen dringend regelm\u00e4\u00dfige STI-Tests<\/strong>. Wir sind <strong>nicht zust\u00e4ndig<\/strong> f\u00fcr alle Infektionen, die w\u00e4hrend der Veranstaltungen auftreten.<\/p><p>2.6 <strong>Die Teilnehmer sind allein f\u00fcr ihre Gesundheit verantwortlich<\/strong> und Schutzentscheidungen. Die Organisation haftet nicht f\u00fcr die Folgen von ungesch\u00fctztem Geschlechtsverkehr bei Veranstaltungen.<\/p><h2><strong>3. Haftung<\/strong><\/h2><p>3.1 Die Anwesenheit betr\u00e4gt <strong>Ihr eigenes Risiko<\/strong>.<\/p><p>3.2 Die Teilnehmer sind f\u00fcr alle Unf\u00e4lle oder Zwischenf\u00e4lle w\u00e4hrend der Veranstaltungen verantwortlich.<\/p><p>3.3 Donder &amp; Bliksem B.V. wird sich bem\u00fchen, die Anwesenheit aller aufgef\u00fchrten K\u00fcnstler zu gew\u00e4hrleisten, aber <strong>ihre Anwesenheit nicht garantieren k\u00f6nnen<\/strong>.<\/p><p>3.4 Die Organisation ist <strong>nicht f\u00fcr den Verlust, die Besch\u00e4digung oder den Diebstahl von pers\u00f6nlichen Gegenst\u00e4nden haften<\/strong>.<\/p><h2><strong>4. Anmeldung und Stornierung<\/strong><\/h2><p>4.1 Die Anmeldung erfolgt \u00fcber unsere Website. Nach der Registrierung erhalten Sie eine <strong>E-Mail-Best\u00e4tigung<\/strong>.<\/p><p>4.2 Wenn Sie nicht mehr teilnehmen m\u00f6chten, k\u00f6nnen Sie Ihre Anmeldung \u00fcber den Link in der Best\u00e4tigungs-E-Mail stornieren.<\/p><h2><strong>5. G\u00e4stebuch Politik<\/strong><\/h2><p>5.1 Das G\u00e4stebuch ist f\u00fcr den Austausch von Erfahrungen und Feedback gedacht.<\/p><p>5.2 Nachrichten mit <strong>Spott, Profanit\u00e4t oder beleidigende Inhalte<\/strong> k\u00f6nnen sein <strong>ohne vorherige Ank\u00fcndigung entfernt<\/strong>.<\/p><p>5.3 Bei Verwendung des G\u00e4stebuchs, <strong>IP-Adressen werden gespeichert<\/strong> f\u00fcr Sicherheitszwecke.<\/p><h2><strong>6. Privatsph\u00e4re und Datenschutz<\/strong><\/h2><p>6.1 Ihre pers\u00f6nlichen Daten werden in \u00dcbereinstimmung mit den geltenden Datenschutzgesetzen behandelt und nicht ohne Ihre Zustimmung an Dritte weitergegeben, es sei denn, dies ist gesetzlich vorgeschrieben.<\/p><p>6.2 Bei Verwendung des G\u00e4stebuchs, <strong>Ihre IP-Adresse wird gespeichert<\/strong> um die Integrit\u00e4t der Plattform zu sch\u00fctzen.<\/p><p>6.3 <strong>IP-Adressen werden ausschlie\u00dflich zu Sicherheits- und Betrugspr\u00e4ventionszwecken gespeichert.<\/strong> und werden nicht weitergegeben, es sei denn, dies ist gesetzlich vorgeschrieben.<\/p><h2><strong>7. Ticketverkauf und Erstattung<\/strong><\/h2><p>7.1 Der Verkauf von Eintrittskarten erfolgt \u00fcber unsere angeschlossene Ticketing-Website.<\/p><p>7.2 <strong>Gekaufte Tickets sind nicht erstattungsf\u00e4hig und k\u00f6nnen nicht gegen Geld umgetauscht werden.<\/strong>.<\/p><p>7.3 Wenn der Zugang von der Organisation aus irgendeinem Grund verweigert wird, <strong>wird keine Erstattung gew\u00e4hrt<\/strong>.<\/p><p>7.4 Wenn eine Veranstaltung von der Organisation abgesagt wird, erhalten die Teilnehmer eine <strong>Gutschein in H\u00f6he des Fahrkartenwerts<\/strong>die f\u00fcr k\u00fcnftige Veranstaltungen genutzt werden k\u00f6nnen. <strong>Eine R\u00fcckerstattung in bar wird nicht gew\u00e4hrt.<\/strong>.<\/p><h2><strong>8. Einsatz von Medien<\/strong><\/h2><p>8.1 <strong>W\u00e4hrend der regul\u00e4ren Veranstaltungen von Elle-Naturelle.be werden keine Fotos oder Videos gemacht.<\/strong>.<\/p><p>8.2 Einige Ereignisse, wie zum Beispiel <strong>Xbanging<\/strong> und <strong>Fl\u00e4mischer Dreck<\/strong>kann die Berichterstattung in den Medien einschlie\u00dfen. Dies wird stets im Voraus klar kommuniziert.<\/p><p>8.3 Werbebilder auf unserer Website sind <strong>von den teilnehmenden Frauen selbst eingereicht<\/strong>. Wir sind <strong>nicht zust\u00e4ndig<\/strong> f\u00fcr die Authentizit\u00e4t oder Aktualit\u00e4t dieser Bilder.<\/p><h2><strong>9. Anwendbares Recht und Rechtsstreitigkeiten<\/strong><\/h2><p>9.1 Diese Bedingungen sind geregelt durch <strong>Belgisches Recht<\/strong>.<\/p><p>9.2 Streitigkeiten, die sich aus diesen Bedingungen oder aus der Teilnahme an unseren Veranstaltungen ergeben, werden von der <strong>das zust\u00e4ndige Gericht in dem Land, in dem Donder &amp; Bliksem B.V. niedergelassen ist<\/strong>.<\/p><h2><strong>Details zum Unternehmen<\/strong><\/h2><p><strong>Donder &amp; Bliksem B.V.<\/strong><\/p><p><!-- You can insert address and VAT if required --><\/p>\t\t\t\t\t\t\t\t<\/div>\n\t\t\t\t<\/div>\n\t\t\t\t<\/div>\n\t\t\t\t<\/div>","protected":false},"excerpt":{"rendered":"<p>Allgemeine Gesch\u00e4ftsbedingungen - Elle-Naturelle.be Letzte Aktualisierung: 4. Februar 2025 Inhaltsverzeichnis Allgemeine Bestimmungen Teilnahmebedingungen Haftung Anmeldung und [...]<\/p>","protected":false},"author":1,"featured_media":0,"parent":0,"menu_order":0,"comment_status":"closed","ping_status":"closed","template":"","meta":{"site-sidebar-layout":"default","site-content-layout":"","ast-site-content-layout":"default","site-content-style":"default","site-sidebar-style":"default","ast-global-header-display":"","ast-banner-title-visibility":"","ast-main-header-display":"","ast-hfb-above-header-display":"","ast-hfb-below-header-display":"","ast-hfb-mobile-header-display":"","site-post-title":"","ast-breadcrumbs-content":"","ast-featured-img":"","footer-sml-layout":"","ast-disable-related-posts":"","theme-transparent-header-meta":"default","adv-header-id-meta":"","stick-header-meta":"","header-above-stick-meta":"","header-main-stick-meta":"","header-below-stick-meta":"","astra-migrate-meta-layouts":"set","ast-page-background-enabled":"default","ast-page-background-meta":{"desktop":{"background-color":"var(--ast-global-color-5)","background-image":"","background-repeat":"repeat","background-position":"center center","background-size":"auto","background-attachment":"scroll","background-type":"","background-media":"","overlay-type":"","overlay-color":"","overlay-opacity":"","overlay-gradient":""},"tablet":{"background-color":"","background-image":"","background-repeat":"repeat","background-position":"center center","background-size":"auto","background-attachment":"scroll","background-type":"","background-media":"","overlay-type":"","overlay-color":"","overlay-opacity":"","overlay-gradient":""},"mobile":{"background-color":"","background-image":"","background-repeat":"repeat","background-position":"center center","background-size":"auto","background-attachment":"scroll","background-type":"","background-media":"","overlay-type":"","overlay-color":"","overlay-opacity":"","overlay-gradient":""}},"ast-content-background-meta":{"desktop":{"background-color":"var(--ast-global-color-4)","background-image":"","background-repeat":"repeat","background-position":"center center","background-size":"auto","background-attachment":"scroll","background-type":"","background-media":"","overlay-type":"","overlay-color":"","overlay-opacity":"","overlay-gradient":""},"tablet":{"background-color":"var(--ast-global-color-4)","background-image":"","background-repeat":"repeat","background-position":"center center","background-size":"auto","background-attachment":"scroll","background-type":"","background-media":"","overlay-type":"","overlay-color":"","overlay-opacity":"","overlay-gradient":""},"mobile":{"background-color":"var(--ast-global-color-4)","background-image":"","background-repeat":"repeat","background-position":"center center","background-size":"auto","background-attachment":"scroll","background-type":"","background-media":"","overlay-type":"","overlay-color":"","overlay-opacity":"","overlay-gradient":""}},"footnotes":""},"class_list":["post-1074","page","type-page","status-publish","hentry"],"_links":{"self":[{"href":"https:\/\/elle-naturelle.be\/de\/wp-json\/wp\/v2\/pages\/1074","targetHints":{"allow":["GET"]}}],"collection":[{"href":"https:\/\/elle-naturelle.be\/de\/wp-json\/wp\/v2\/pages"}],"about":[{"href":"https:\/\/elle-naturelle.be\/de\/wp-json\/wp\/v2\/types\/page"}],"author":[{"embeddable":true,"href":"https:\/\/elle-naturelle.be\/de\/wp-json\/wp\/v2\/users\/1"}],"replies":[{"embeddable":true,"href":"https:\/\/elle-naturelle.be\/de\/wp-json\/wp\/v2\/comments?post=1074"}],"version-history":[{"count":0,"href":"https:\/\/elle-naturelle.be\/de\/wp-json\/wp\/v2\/pages\/1074\/revisions"}],"wp:attachment":[{"href":"https:\/\/elle-naturelle.be\/de\/wp-json\/wp\/v2\/media?parent=1074"}],"curies":[{"name":"wp","href":"https:\/\/api.w.org\/{rel}","templated":true}]}}